{"id":102,"date":"2025-09-04T16:27:34","date_gmt":"2025-09-04T14:27:34","guid":{"rendered":"https:\/\/cramerlaw.no\/?page_id=102"},"modified":"2025-09-17T11:52:45","modified_gmt":"2025-09-17T09:52:45","slug":"medarbeidere","status":"publish","type":"page","link":"https:\/\/cramerlaw.no\/en\/medarbeidere\/","title":{"rendered":"OUR TEAM"},"content":{"rendered":"<div data-vide-bg=\"mp4: https:\/\/cramerlaw.no\/wp-content\/uploads\/2025\/09\/CRAMERLAW-MEDARBEIDERE-2.mp4\" data-vide-options=\"posterType: none, loop: true, muted: true, position: 50% 50%, resizing: true\" class=\"row wpb_row row-fluid no-row-padding full-width-row no-column-padding thb-overlay-enabled thb_video_bg\"><div class=\"wpb_column columns medium-12 thb-light-column small-12\"><div class=\"vc_column-inner\"><div class=\"wpb_wrapper\"><div class=\"vc_empty_space\" id=\"thb-empty-space-69ff12d90142c\"  style=\"height: 25vh\" ><span class=\"vc_empty_space_inner\"><\/span><\/div>\n<div class=\"row wpb_row vc_inner row-fluid max_width\"><div class=\"wpb_column columns medium-2 thb-dark-column small-12\"><div class=\"vc_column-inner\"><div class=\"wpb_wrapper\"><\/div><\/div><\/div><div class=\"wpb_column columns medium-8 thb-light-column small-12\"><div class=\"vc_column-inner\"><div class=\"wpb_wrapper\">\n\t<div class=\"wpb_text_column wpb_content_element   vc_custom_1756983848120 forcewhite\" >\n\t\t<div class=\"wpb_wrapper\">\n\t\t\t<h3 style=\"text-align: center;\"><strong>CRAMER ADVOKATER<\/strong><\/h3>\n\n\t\t<\/div>\n\t<\/div>\n\n\t<div class=\"wpb_text_column wpb_content_element   extralargeheader\" >\n\t\t<div class=\"wpb_wrapper\">\n\t\t\t<h1 class=\"text-white space-bottom-medium\" style=\"text-align: center;\">OUR TEAM<\/h1>\n\n\t\t<\/div>\n\t<\/div>\n<\/div><\/div><\/div><div class=\"wpb_column columns medium-2 thb-dark-column small-12\"><div class=\"vc_column-inner\"><div class=\"wpb_wrapper\"><\/div><\/div><\/div><\/div><div class=\"vc_empty_space\" id=\"thb-empty-space-69ff12d901789\"  style=\"height: 25vh\" ><span class=\"vc_empty_space_inner\"><\/span><\/div>\n<\/div><\/div><\/div><div id=\"thb-row-overlay-69ff12d9017a5\" class=\"thb-row-overlay\"><\/div><style>\n  \t#thb-row-overlay-69ff12d9017a5 {background:rgba(200,39,24,0.01);background:linear-gradient( 0deg,#c82718,rgba(200,39,24,0.01) ); }<\/style><\/div><div class=\"row wpb_row row-fluid no-row-padding full-width-row no-column-padding vc_custom_1756998599313 row-has-fill\"><div class=\"wpb_column columns medium-12 thb-light-column small-12\"><div class=\"vc_column-inner\"><div class=\"wpb_wrapper\"><div class=\"vc_empty_space\" id=\"thb-empty-space-69ff12d9018f4\"  style=\"height: 6vh\" ><span class=\"vc_empty_space_inner\"><\/span><\/div>\n<div class=\"row wpb_row vc_inner row-fluid max_width\"><div class=\"wpb_column columns medium-3 thb-dark-column small-12\"><div class=\"vc_column-inner\"><div class=\"wpb_wrapper\"><\/div><\/div><\/div><div class=\"wpb_column columns medium-6 thb-dark-column small-12\"><div class=\"vc_column-inner\"><div class=\"wpb_wrapper\">\n\t<div class=\"wpb_text_column wpb_content_element\" >\n\t\t<div class=\"wpb_wrapper\">\n\t\t\t<h2 style=\"text-align: center;\">Expertise, collaboration, and results<\/h2>\n\n\t\t<\/div>\n\t<\/div>\n\n\t<div class=\"wpb_text_column wpb_content_element   vc_custom_1756998381167 red\" >\n\t\t<div class=\"wpb_wrapper\">\n\t\t\t<h4 style=\"text-align: center;\">A team with diverse expertise<\/h4>\n\n\t\t<\/div>\n\t<\/div>\n<\/div><\/div><\/div><div class=\"wpb_column columns medium-3 thb-dark-column small-12\"><div class=\"vc_column-inner\"><div class=\"wpb_wrapper\"><\/div><\/div><\/div><\/div><div class=\"row wpb_row vc_inner row-fluid max_width\"><div class=\"wpb_column columns medium-3 thb-dark-column small-12\"><div class=\"vc_column-inner\"><div class=\"wpb_wrapper\"><\/div><\/div><\/div><div class=\"wpb_column columns medium-6 thb-dark-column small-12\"><div class=\"vc_column-inner\"><div class=\"wpb_wrapper\">\n\t<div class=\"wpb_text_column wpb_content_element\" >\n\t\t<div class=\"wpb_wrapper\">\n\t\t\t<p style=\"text-align: center;\">At Cramer Advokater, you will meet a dedicated and experienced team of lawyers and staff who work closely together to protect your interests. Our goal is to combine legal expertise with personal support, so that you as a client always feel secure and well taken care of. We are proud to offer a service characterized by professionalism, accessibility, and respect.<\/p>\n\n\t\t<\/div>\n\t<\/div>\n<\/div><\/div><\/div><div class=\"wpb_column columns medium-3 thb-dark-column small-12\"><div class=\"vc_column-inner\"><div class=\"wpb_wrapper\"><\/div><\/div><\/div><\/div><div class=\"vc_empty_space\" id=\"thb-empty-space-69ff12d901d11\"  style=\"height: 4vh\" ><span class=\"vc_empty_space_inner\"><\/span><\/div>\n<\/div><\/div><\/div><\/div><div class=\"row wpb_row row-fluid no-row-padding full-width-row no-column-padding\"><div class=\"wpb_column columns medium-12 thb-dark-column small-12\"><div class=\"vc_column-inner\"><div class=\"wpb_wrapper\"><div class=\"row wpb_row vc_inner row-fluid no-column-padding\"><div class=\"wpb_column columns medium-12 thb-dark-column small-12\"><div class=\"vc_column-inner\"><div class=\"wpb_wrapper\">\t<div id=\"thb-team-417\" class=\"thb-team-row team-light\">\n\t\t<div class=\"row style1 no-padding\" data-columns=\"large-4\" data-pagination=\"true\" data-autoplay=\"\" data-autoplay-speed=\"4000\">\n\t\t\t\t<div class=\"thb-team-member small-12 large-4  columns member_style2 team-has-link\">\n\t\t<div class=\"team-container \t\t\t\t\tthb_3dimg\">\n\t\t\t<img loading=\"lazy\" decoding=\"async\" width=\"741\" height=\"594\" src=\"https:\/\/cramerlaw.no\/wp-content\/uploads\/2025\/09\/are.jpg\" class=\"attachment-full\" alt=\"\" srcset=\"https:\/\/cramerlaw.no\/wp-content\/uploads\/2025\/09\/are.jpg 741w, https:\/\/cramerlaw.no\/wp-content\/uploads\/2025\/09\/are-300x240.jpg 300w, https:\/\/cramerlaw.no\/wp-content\/uploads\/2025\/09\/are-380x305.jpg 380w, https:\/\/cramerlaw.no\/wp-content\/uploads\/2025\/09\/are-20x16.jpg 20w, https:\/\/cramerlaw.no\/wp-content\/uploads\/2025\/09\/are-190x152.jpg 190w\" sizes=\"auto, (max-width: 741px) 100vw, 741px\" \/>\t\t\t\t\t\t\t<div class=\"atvImg-layer\"><img loading=\"lazy\" decoding=\"async\" width=\"741\" height=\"594\" src=\"https:\/\/cramerlaw.no\/wp-content\/uploads\/2025\/09\/are.jpg\" class=\"attachment-full\" alt=\"\" srcset=\"https:\/\/cramerlaw.no\/wp-content\/uploads\/2025\/09\/are.jpg 741w, https:\/\/cramerlaw.no\/wp-content\/uploads\/2025\/09\/are-300x240.jpg 300w, https:\/\/cramerlaw.no\/wp-content\/uploads\/2025\/09\/are-380x305.jpg 380w, https:\/\/cramerlaw.no\/wp-content\/uploads\/2025\/09\/are-20x16.jpg 20w, https:\/\/cramerlaw.no\/wp-content\/uploads\/2025\/09\/are-190x152.jpg 190w\" sizes=\"auto, (max-width: 741px) 100vw, 741px\" \/><\/div>\n\t\t\t\t\t\t<div class=\"team-information \t\t\t\t\t\t\tatvImg-layer\">\n\t\t\t\t\t\t\t\t\t<div class=\"team-title\">\n\t\t\t\t\t\t\t\t\t\t\t\t<h6 class=\"member-title\">Are Bohne<\/h6>\n\t\t\t\t\t\t<p class=\"job-title\">Lawyer in T\u00f8nsberg<\/p>\n\t\t\t\t\t\t\t\t\t\t\t<\/div>\n\t\t\t\t\t\t\t\t\t\t\t\t<div class=\"info-container\">\n\t\t\t\t\t\t\t\t\t\t\t\t<div class=\"thb-description\">LEARN MORE<\/div>\n\t\t\t\t\t\t\t\t\t\t\t\t\t\t\t\t\t\t\t\t\t\t\t\t\t<\/div>\n\t\t\t\t\t\t\t\t\t\t\t\t\t<a href=\"\/en\/medarbeidere\/are-bohne\/\" target=\"_self\" title=\"\" class=\"team-link \t\t\t\t\t\t\t\t\t\t\t\t\t\t\t\tatvImg-layer\"><\/a>\n\t\t\t\t\t\t\t<\/div>\n\t\t\t\t\t<\/div>\n\t\t\t\t\t<\/div>\n\t\t<div class=\"thb-team-member small-12 large-4  columns member_style2 team-has-link\">\n\t\t<div class=\"team-container \t\t\t\t\tthb_3dimg\">\n\t\t\t<img loading=\"lazy\" decoding=\"async\" width=\"741\" height=\"594\" src=\"https:\/\/cramerlaw.no\/wp-content\/uploads\/2025\/09\/agustin2.jpg\" class=\"attachment-full\" alt=\"\" srcset=\"https:\/\/cramerlaw.no\/wp-content\/uploads\/2025\/09\/agustin2.jpg 741w, https:\/\/cramerlaw.no\/wp-content\/uploads\/2025\/09\/agustin2-300x240.jpg 300w, https:\/\/cramerlaw.no\/wp-content\/uploads\/2025\/09\/agustin2-380x305.jpg 380w, https:\/\/cramerlaw.no\/wp-content\/uploads\/2025\/09\/agustin2-20x16.jpg 20w, https:\/\/cramerlaw.no\/wp-content\/uploads\/2025\/09\/agustin2-190x152.jpg 190w\" sizes=\"auto, (max-width: 741px) 100vw, 741px\" \/>\t\t\t\t\t\t\t<div class=\"atvImg-layer\"><img loading=\"lazy\" decoding=\"async\" width=\"741\" height=\"594\" src=\"https:\/\/cramerlaw.no\/wp-content\/uploads\/2025\/09\/agustin2.jpg\" class=\"attachment-full\" alt=\"\" srcset=\"https:\/\/cramerlaw.no\/wp-content\/uploads\/2025\/09\/agustin2.jpg 741w, https:\/\/cramerlaw.no\/wp-content\/uploads\/2025\/09\/agustin2-300x240.jpg 300w, https:\/\/cramerlaw.no\/wp-content\/uploads\/2025\/09\/agustin2-380x305.jpg 380w, https:\/\/cramerlaw.no\/wp-content\/uploads\/2025\/09\/agustin2-20x16.jpg 20w, https:\/\/cramerlaw.no\/wp-content\/uploads\/2025\/09\/agustin2-190x152.jpg 190w\" sizes=\"auto, (max-width: 741px) 100vw, 741px\" \/><\/div>\n\t\t\t\t\t\t<div class=\"team-information \t\t\t\t\t\t\tatvImg-layer\">\n\t\t\t\t\t\t\t\t\t<div class=\"team-title\">\n\t\t\t\t\t\t\t\t\t\t\t\t<h6 class=\"member-title\">Agust\u00edn V\u00e1zquez Hern\u00e1ndez<\/h6>\n\t\t\t\t\t\t<p class=\"job-title\">Daglig leder og Advokat i Fuengirola. Spr\u00e5k: Spansk og engelsk.<\/p>\n\t\t\t\t\t\t\t\t\t\t\t<\/div>\n\t\t\t\t\t\t\t\t\t\t\t\t<div class=\"info-container\">\n\t\t\t\t\t\t\t\t\t\t\t\t<div class=\"thb-description\">LEARN MORE<\/div>\n\t\t\t\t\t\t\t\t\t\t\t\t\t\t\t\t\t\t\t\t\t\t\t\t\t<\/div>\n\t\t\t\t\t\t\t\t\t\t\t\t\t<a href=\"\/en\/medarbeidere\/agustin-vazquez\/\" target=\"_self\" title=\"\" class=\"team-link \t\t\t\t\t\t\t\t\t\t\t\t\t\t\t\tatvImg-layer\"><\/a>\n\t\t\t\t\t\t\t<\/div>\n\t\t\t\t\t<\/div>\n\t\t\t\t\t<\/div>\n\t\t<div class=\"thb-team-member small-12 large-4  columns member_style2 team-has-link\">\n\t\t<div class=\"team-container \t\t\t\t\tthb_3dimg\">\n\t\t\t<img loading=\"lazy\" decoding=\"async\" width=\"741\" height=\"594\" src=\"https:\/\/cramerlaw.no\/wp-content\/uploads\/2025\/09\/alberto.jpg\" class=\"attachment-full\" alt=\"\" srcset=\"https:\/\/cramerlaw.no\/wp-content\/uploads\/2025\/09\/alberto.jpg 741w, https:\/\/cramerlaw.no\/wp-content\/uploads\/2025\/09\/alberto-300x240.jpg 300w, https:\/\/cramerlaw.no\/wp-content\/uploads\/2025\/09\/alberto-380x305.jpg 380w, https:\/\/cramerlaw.no\/wp-content\/uploads\/2025\/09\/alberto-20x16.jpg 20w, https:\/\/cramerlaw.no\/wp-content\/uploads\/2025\/09\/alberto-190x152.jpg 190w\" sizes=\"auto, (max-width: 741px) 100vw, 741px\" \/>\t\t\t\t\t\t\t<div class=\"atvImg-layer\"><img loading=\"lazy\" decoding=\"async\" width=\"741\" height=\"594\" src=\"https:\/\/cramerlaw.no\/wp-content\/uploads\/2025\/09\/alberto.jpg\" class=\"attachment-full\" alt=\"\" srcset=\"https:\/\/cramerlaw.no\/wp-content\/uploads\/2025\/09\/alberto.jpg 741w, https:\/\/cramerlaw.no\/wp-content\/uploads\/2025\/09\/alberto-300x240.jpg 300w, https:\/\/cramerlaw.no\/wp-content\/uploads\/2025\/09\/alberto-380x305.jpg 380w, https:\/\/cramerlaw.no\/wp-content\/uploads\/2025\/09\/alberto-20x16.jpg 20w, https:\/\/cramerlaw.no\/wp-content\/uploads\/2025\/09\/alberto-190x152.jpg 190w\" sizes=\"auto, (max-width: 741px) 100vw, 741px\" \/><\/div>\n\t\t\t\t\t\t<div class=\"team-information \t\t\t\t\t\t\tatvImg-layer\">\n\t\t\t\t\t\t\t\t\t<div class=\"team-title\">\n\t\t\t\t\t\t\t\t\t\t\t\t<h6 class=\"member-title\">A. Alberto V\u00e1zquez Hern\u00e1ndez<\/h6>\n\t\t\t\t\t\t<p class=\"job-title\">Advokat i Fuengirola. Spr\u00e5k: Spansk og engelsk.<\/p>\n\t\t\t\t\t\t\t\t\t\t\t<\/div>\n\t\t\t\t\t\t\t\t\t\t\t\t<div class=\"info-container\">\n\t\t\t\t\t\t\t\t\t\t\t\t<div class=\"thb-description\">LEARN MORE<\/div>\n\t\t\t\t\t\t\t\t\t\t\t\t\t\t\t\t\t\t\t\t\t\t\t\t\t<\/div>\n\t\t\t\t\t\t\t\t\t\t\t\t\t<a href=\"\/en\/medarbeidere\/alberto-vazquez\/\" target=\"_self\" title=\"\" class=\"team-link \t\t\t\t\t\t\t\t\t\t\t\t\t\t\t\tatvImg-layer\"><\/a>\n\t\t\t\t\t\t\t<\/div>\n\t\t\t\t\t<\/div>\n\t\t\t\t\t<\/div>\n\t\t<div class=\"thb-team-member small-12 large-4  columns member_style2 team-has-link\">\n\t\t<div class=\"team-container \t\t\t\t\tthb_3dimg\">\n\t\t\t<img loading=\"lazy\" decoding=\"async\" width=\"741\" height=\"594\" src=\"https:\/\/cramerlaw.no\/wp-content\/uploads\/2025\/09\/Viveke2.jpg\" class=\"attachment-full\" alt=\"\" srcset=\"https:\/\/cramerlaw.no\/wp-content\/uploads\/2025\/09\/Viveke2.jpg 741w, https:\/\/cramerlaw.no\/wp-content\/uploads\/2025\/09\/Viveke2-300x240.jpg 300w, https:\/\/cramerlaw.no\/wp-content\/uploads\/2025\/09\/Viveke2-380x305.jpg 380w, https:\/\/cramerlaw.no\/wp-content\/uploads\/2025\/09\/Viveke2-20x16.jpg 20w, https:\/\/cramerlaw.no\/wp-content\/uploads\/2025\/09\/Viveke2-190x152.jpg 190w\" sizes=\"auto, (max-width: 741px) 100vw, 741px\" \/>\t\t\t\t\t\t\t<div class=\"atvImg-layer\"><img loading=\"lazy\" decoding=\"async\" width=\"741\" height=\"594\" src=\"https:\/\/cramerlaw.no\/wp-content\/uploads\/2025\/09\/Viveke2.jpg\" class=\"attachment-full\" alt=\"\" srcset=\"https:\/\/cramerlaw.no\/wp-content\/uploads\/2025\/09\/Viveke2.jpg 741w, https:\/\/cramerlaw.no\/wp-content\/uploads\/2025\/09\/Viveke2-300x240.jpg 300w, https:\/\/cramerlaw.no\/wp-content\/uploads\/2025\/09\/Viveke2-380x305.jpg 380w, https:\/\/cramerlaw.no\/wp-content\/uploads\/2025\/09\/Viveke2-20x16.jpg 20w, https:\/\/cramerlaw.no\/wp-content\/uploads\/2025\/09\/Viveke2-190x152.jpg 190w\" sizes=\"auto, (max-width: 741px) 100vw, 741px\" \/><\/div>\n\t\t\t\t\t\t<div class=\"team-information \t\t\t\t\t\t\tatvImg-layer\">\n\t\t\t\t\t\t\t\t\t<div class=\"team-title\">\n\t\t\t\t\t\t\t\t\t\t\t\t<h6 class=\"member-title\">Vibeke Tyskerud<\/h6>\n\t\t\t\t\t\t<p class=\"job-title\">Senior r\u00e5dgiver i Fuengirola. Spr\u00e5k: Skandinavisk, spansk og engelsk<\/p>\n\t\t\t\t\t\t\t\t\t\t\t<\/div>\n\t\t\t\t\t\t\t\t\t\t\t\t<div class=\"info-container\">\n\t\t\t\t\t\t\t\t\t\t\t\t<div class=\"thb-description\">LEARN MORE<\/div>\n\t\t\t\t\t\t\t\t\t\t\t\t\t\t\t\t\t\t\t\t\t\t\t\t\t<\/div>\n\t\t\t\t\t\t\t\t\t\t\t\t\t<a href=\"\/en\/medarbeidere\/vibeke-tyskerud\/\" target=\"_self\" title=\"\" class=\"team-link \t\t\t\t\t\t\t\t\t\t\t\t\t\t\t\tatvImg-layer\"><\/a>\n\t\t\t\t\t\t\t<\/div>\n\t\t\t\t\t<\/div>\n\t\t\t\t\t<\/div>\n\t\t<div class=\"thb-team-member small-12 large-4  columns member_style2 team-has-link\">\n\t\t<div class=\"team-container \t\t\t\t\tthb_3dimg\">\n\t\t\t<img loading=\"lazy\" decoding=\"async\" width=\"741\" height=\"594\" src=\"https:\/\/cramerlaw.no\/wp-content\/uploads\/2025\/09\/anette2.jpg\" class=\"attachment-full\" alt=\"\" srcset=\"https:\/\/cramerlaw.no\/wp-content\/uploads\/2025\/09\/anette2.jpg 741w, https:\/\/cramerlaw.no\/wp-content\/uploads\/2025\/09\/anette2-300x240.jpg 300w, https:\/\/cramerlaw.no\/wp-content\/uploads\/2025\/09\/anette2-380x305.jpg 380w, https:\/\/cramerlaw.no\/wp-content\/uploads\/2025\/09\/anette2-20x16.jpg 20w, https:\/\/cramerlaw.no\/wp-content\/uploads\/2025\/09\/anette2-190x152.jpg 190w\" sizes=\"auto, (max-width: 741px) 100vw, 741px\" \/>\t\t\t\t\t\t\t<div class=\"atvImg-layer\"><img loading=\"lazy\" decoding=\"async\" width=\"741\" height=\"594\" src=\"https:\/\/cramerlaw.no\/wp-content\/uploads\/2025\/09\/anette2.jpg\" class=\"attachment-full\" alt=\"\" srcset=\"https:\/\/cramerlaw.no\/wp-content\/uploads\/2025\/09\/anette2.jpg 741w, https:\/\/cramerlaw.no\/wp-content\/uploads\/2025\/09\/anette2-300x240.jpg 300w, https:\/\/cramerlaw.no\/wp-content\/uploads\/2025\/09\/anette2-380x305.jpg 380w, https:\/\/cramerlaw.no\/wp-content\/uploads\/2025\/09\/anette2-20x16.jpg 20w, https:\/\/cramerlaw.no\/wp-content\/uploads\/2025\/09\/anette2-190x152.jpg 190w\" sizes=\"auto, (max-width: 741px) 100vw, 741px\" \/><\/div>\n\t\t\t\t\t\t<div class=\"team-information \t\t\t\t\t\t\tatvImg-layer\">\n\t\t\t\t\t\t\t\t\t<div class=\"team-title\">\n\t\t\t\t\t\t\t\t\t\t\t\t<h6 class=\"member-title\">Anette Langfeldt<\/h6>\n\t\t\t\t\t\t<p class=\"job-title\">R\u00e5dgiver i Fuengirola. Spr\u00e5k: Skandinavisk, spansk og engelsk<\/p>\n\t\t\t\t\t\t\t\t\t\t\t<\/div>\n\t\t\t\t\t\t\t\t\t\t\t\t<div class=\"info-container\">\n\t\t\t\t\t\t\t\t\t\t\t\t<div class=\"thb-description\">LEARN MORE<\/div>\n\t\t\t\t\t\t\t\t\t\t\t\t\t\t\t\t\t\t\t\t\t\t\t\t\t<\/div>\n\t\t\t\t\t\t\t\t\t\t\t\t\t<a href=\"\/en\/medarbeidere\/anette-langfeldt\/\" target=\"_self\" title=\"\" class=\"team-link \t\t\t\t\t\t\t\t\t\t\t\t\t\t\t\tatvImg-layer\"><\/a>\n\t\t\t\t\t\t\t<\/div>\n\t\t\t\t\t<\/div>\n\t\t\t\t\t<\/div>\n\t\t<div class=\"thb-team-member small-12 large-4  columns member_style2 team-has-link\">\n\t\t<div class=\"team-container \t\t\t\t\tthb_3dimg\">\n\t\t\t<img loading=\"lazy\" decoding=\"async\" width=\"2560\" height=\"2061\" src=\"https:\/\/cramerlaw.no\/wp-content\/uploads\/2025\/09\/Laila-copy-scaled-1.jpg\" class=\"attachment-full\" alt=\"\" srcset=\"https:\/\/cramerlaw.no\/wp-content\/uploads\/2025\/09\/Laila-copy-scaled-1.jpg 2560w, https:\/\/cramerlaw.no\/wp-content\/uploads\/2025\/09\/Laila-copy-scaled-1-300x242.jpg 300w, https:\/\/cramerlaw.no\/wp-content\/uploads\/2025\/09\/Laila-copy-scaled-1-1024x824.jpg 1024w, https:\/\/cramerlaw.no\/wp-content\/uploads\/2025\/09\/Laila-copy-scaled-1-768x618.jpg 768w, https:\/\/cramerlaw.no\/wp-content\/uploads\/2025\/09\/Laila-copy-scaled-1-1536x1237.jpg 1536w, https:\/\/cramerlaw.no\/wp-content\/uploads\/2025\/09\/Laila-copy-scaled-1-2048x1649.jpg 2048w, https:\/\/cramerlaw.no\/wp-content\/uploads\/2025\/09\/Laila-copy-scaled-1-380x306.jpg 380w, https:\/\/cramerlaw.no\/wp-content\/uploads\/2025\/09\/Laila-copy-scaled-1-20x16.jpg 20w, https:\/\/cramerlaw.no\/wp-content\/uploads\/2025\/09\/Laila-copy-scaled-1-190x153.jpg 190w, https:\/\/cramerlaw.no\/wp-content\/uploads\/2025\/09\/Laila-copy-scaled-1-760x612.jpg 760w, https:\/\/cramerlaw.no\/wp-content\/uploads\/2025\/09\/Laila-copy-scaled-1-1140x918.jpg 1140w\" sizes=\"auto, (max-width: 2560px) 100vw, 2560px\" \/>\t\t\t\t\t\t\t<div class=\"atvImg-layer\"><img loading=\"lazy\" decoding=\"async\" width=\"2560\" height=\"2061\" src=\"https:\/\/cramerlaw.no\/wp-content\/uploads\/2025\/09\/Laila-copy-scaled-1.jpg\" class=\"attachment-full\" alt=\"\" srcset=\"https:\/\/cramerlaw.no\/wp-content\/uploads\/2025\/09\/Laila-copy-scaled-1.jpg 2560w, https:\/\/cramerlaw.no\/wp-content\/uploads\/2025\/09\/Laila-copy-scaled-1-300x242.jpg 300w, https:\/\/cramerlaw.no\/wp-content\/uploads\/2025\/09\/Laila-copy-scaled-1-1024x824.jpg 1024w, https:\/\/cramerlaw.no\/wp-content\/uploads\/2025\/09\/Laila-copy-scaled-1-768x618.jpg 768w, https:\/\/cramerlaw.no\/wp-content\/uploads\/2025\/09\/Laila-copy-scaled-1-1536x1237.jpg 1536w, https:\/\/cramerlaw.no\/wp-content\/uploads\/2025\/09\/Laila-copy-scaled-1-2048x1649.jpg 2048w, https:\/\/cramerlaw.no\/wp-content\/uploads\/2025\/09\/Laila-copy-scaled-1-380x306.jpg 380w, https:\/\/cramerlaw.no\/wp-content\/uploads\/2025\/09\/Laila-copy-scaled-1-20x16.jpg 20w, https:\/\/cramerlaw.no\/wp-content\/uploads\/2025\/09\/Laila-copy-scaled-1-190x153.jpg 190w, https:\/\/cramerlaw.no\/wp-content\/uploads\/2025\/09\/Laila-copy-scaled-1-760x612.jpg 760w, https:\/\/cramerlaw.no\/wp-content\/uploads\/2025\/09\/Laila-copy-scaled-1-1140x918.jpg 1140w\" sizes=\"auto, (max-width: 2560px) 100vw, 2560px\" \/><\/div>\n\t\t\t\t\t\t<div class=\"team-information \t\t\t\t\t\t\tatvImg-layer\">\n\t\t\t\t\t\t\t\t\t<div class=\"team-title\">\n\t\t\t\t\t\t\t\t\t\t\t\t<h6 class=\"member-title\">Laila Mitrevski<\/h6>\n\t\t\t\t\t\t<p class=\"job-title\">Sekret\u00e6r i Fuengirola. Spr\u00e5k: Spansk, engelsk, norsk og litt makedonsk.<\/p>\n\t\t\t\t\t\t\t\t\t\t\t<\/div>\n\t\t\t\t\t\t\t\t\t\t\t\t<div class=\"info-container\">\n\t\t\t\t\t\t\t\t\t\t\t\t<div class=\"thb-description\">LEARN MORE<\/div>\n\t\t\t\t\t\t\t\t\t\t\t\t\t\t\t\t\t\t\t\t\t\t\t\t\t<\/div>\n\t\t\t\t\t\t\t\t\t\t\t\t\t<a href=\"\/en\/medarbeidere\/laila-mitrevski\/\" target=\"_self\" title=\"\" class=\"team-link \t\t\t\t\t\t\t\t\t\t\t\t\t\t\t\tatvImg-layer\"><\/a>\n\t\t\t\t\t\t\t<\/div>\n\t\t\t\t\t<\/div>\n\t\t\t\t\t<\/div>\n\t\t<div class=\"thb-team-member small-12 large-4  columns member_style2 team-has-link\">\n\t\t<div class=\"team-container \t\t\t\t\tthb_3dimg\">\n\t\t\t<img loading=\"lazy\" decoding=\"async\" width=\"2560\" height=\"2062\" src=\"https:\/\/cramerlaw.no\/wp-content\/uploads\/2025\/09\/Maria-copy-scaled-1.jpg\" class=\"attachment-full\" alt=\"\" srcset=\"https:\/\/cramerlaw.no\/wp-content\/uploads\/2025\/09\/Maria-copy-scaled-1.jpg 2560w, https:\/\/cramerlaw.no\/wp-content\/uploads\/2025\/09\/Maria-copy-scaled-1-300x242.jpg 300w, https:\/\/cramerlaw.no\/wp-content\/uploads\/2025\/09\/Maria-copy-scaled-1-1024x825.jpg 1024w, https:\/\/cramerlaw.no\/wp-content\/uploads\/2025\/09\/Maria-copy-scaled-1-768x619.jpg 768w, https:\/\/cramerlaw.no\/wp-content\/uploads\/2025\/09\/Maria-copy-scaled-1-1536x1237.jpg 1536w, https:\/\/cramerlaw.no\/wp-content\/uploads\/2025\/09\/Maria-copy-scaled-1-2048x1650.jpg 2048w, https:\/\/cramerlaw.no\/wp-content\/uploads\/2025\/09\/Maria-copy-scaled-1-380x306.jpg 380w, https:\/\/cramerlaw.no\/wp-content\/uploads\/2025\/09\/Maria-copy-scaled-1-20x16.jpg 20w, https:\/\/cramerlaw.no\/wp-content\/uploads\/2025\/09\/Maria-copy-scaled-1-190x153.jpg 190w, https:\/\/cramerlaw.no\/wp-content\/uploads\/2025\/09\/Maria-copy-scaled-1-760x612.jpg 760w, https:\/\/cramerlaw.no\/wp-content\/uploads\/2025\/09\/Maria-copy-scaled-1-1140x918.jpg 1140w\" sizes=\"auto, (max-width: 2560px) 100vw, 2560px\" \/>\t\t\t\t\t\t\t<div class=\"atvImg-layer\"><img loading=\"lazy\" decoding=\"async\" width=\"2560\" height=\"2062\" src=\"https:\/\/cramerlaw.no\/wp-content\/uploads\/2025\/09\/Maria-copy-scaled-1.jpg\" class=\"attachment-full\" alt=\"\" srcset=\"https:\/\/cramerlaw.no\/wp-content\/uploads\/2025\/09\/Maria-copy-scaled-1.jpg 2560w, https:\/\/cramerlaw.no\/wp-content\/uploads\/2025\/09\/Maria-copy-scaled-1-300x242.jpg 300w, https:\/\/cramerlaw.no\/wp-content\/uploads\/2025\/09\/Maria-copy-scaled-1-1024x825.jpg 1024w, https:\/\/cramerlaw.no\/wp-content\/uploads\/2025\/09\/Maria-copy-scaled-1-768x619.jpg 768w, https:\/\/cramerlaw.no\/wp-content\/uploads\/2025\/09\/Maria-copy-scaled-1-1536x1237.jpg 1536w, https:\/\/cramerlaw.no\/wp-content\/uploads\/2025\/09\/Maria-copy-scaled-1-2048x1650.jpg 2048w, https:\/\/cramerlaw.no\/wp-content\/uploads\/2025\/09\/Maria-copy-scaled-1-380x306.jpg 380w, https:\/\/cramerlaw.no\/wp-content\/uploads\/2025\/09\/Maria-copy-scaled-1-20x16.jpg 20w, https:\/\/cramerlaw.no\/wp-content\/uploads\/2025\/09\/Maria-copy-scaled-1-190x153.jpg 190w, https:\/\/cramerlaw.no\/wp-content\/uploads\/2025\/09\/Maria-copy-scaled-1-760x612.jpg 760w, https:\/\/cramerlaw.no\/wp-content\/uploads\/2025\/09\/Maria-copy-scaled-1-1140x918.jpg 1140w\" sizes=\"auto, (max-width: 2560px) 100vw, 2560px\" \/><\/div>\n\t\t\t\t\t\t<div class=\"team-information \t\t\t\t\t\t\tatvImg-layer\">\n\t\t\t\t\t\t\t\t\t<div class=\"team-title\">\n\t\t\t\t\t\t\t\t\t\t\t\t<h6 class=\"member-title\">Mar\u00eda Guill\u00e9n<\/h6>\n\t\t\t\t\t\t<p class=\"job-title\">Administrasjonsassistent i Fuengirola Spr\u00e5k: Spansk, engelsk og fransk<\/p>\n\t\t\t\t\t\t\t\t\t\t\t<\/div>\n\t\t\t\t\t\t\t\t\t\t\t\t<div class=\"info-container\">\n\t\t\t\t\t\t\t\t\t\t\t\t<div class=\"thb-description\">LEARN MORE<\/div>\n\t\t\t\t\t\t\t\t\t\t\t\t\t\t\t\t\t\t\t\t\t\t\t\t\t<\/div>\n\t\t\t\t\t\t\t\t\t\t\t\t\t<a href=\"\/en\/medarbeidere\/maria-guillen\/\" target=\"_self\" title=\"\" class=\"team-link \t\t\t\t\t\t\t\t\t\t\t\t\t\t\t\tatvImg-layer\"><\/a>\n\t\t\t\t\t\t\t<\/div>\n\t\t\t\t\t<\/div>\n\t\t\t\t\t<\/div>\n\t\t\t<\/div>\n\t<\/div>\n\t<style>\n\t\t\t\t#thb-team-417 .thb-team-member:not(.member_style5) .team-information {\n\t\t\tbackground:rgba(0,0,0,0.42);background:linear-gradient( -135deg,rgba(200,39,24,0.01),rgba(0,0,0,0.42) );\t\t}\n\t\t#thb-team-417 .thb-team-member.member_style5 .team-information-hover {\n\t\t\tbackground:rgba(0,0,0,0.42);background:linear-gradient( -135deg,rgba(200,39,24,0.01),rgba(0,0,0,0.42) );\t\t}\n\t\t\t\t\t<\/style>\n\t<\/div><\/div><\/div><\/div>\n\t<div class=\"wpb_raw_code wpb_raw_js\" >\n\t\t<div class=\"wpb_wrapper\">\n\t\t\t<script>\nconst jobTitles = document.querySelectorAll(\".thb-team-row .thb-team-member .job-title\");\n\njobTitles.forEach(function(el) {\n  let text = el.textContent;\n  if (text.includes(\"Spr\u00e5k:\")) {\n    let newHtml = text.replace(\/Spr\u00e5k:\/g, \"<br><strong>Spr\u00e5k:<\/strong>\");\n    el.innerHTML = newHtml;\n  }\n});\n<\/script>\n\n\t\t<\/div>\n\t<\/div>\n<\/div><\/div><\/div><\/div>","protected":false},"excerpt":{"rendered":"CRAMER ADVOKATER MEDARBEIDERE Ekspertise, samarbeid og resultater Et team med mangfoldig ekspertise Hos Cramer Advokater m\u00f8ter du et engasjert og erfarent team av advokater og medarbeidere som arbeider tett sammen for \u00e5 ivareta dine interesser. V\u00e5rt m\u00e5l er \u00e5 kombinere juridisk kompetanse med personlig oppf\u00f8lging, slik at du som klient alltid skal f\u00f8le deg trygg&hellip;","protected":false},"author":1,"featured_media":0,"parent":0,"menu_order":0,"comment_status":"closed","ping_status":"closed","template":"","meta":{"footnotes":""},"class_list":["post-102","page","type-page","status-publish","hentry"],"_links":{"self":[{"href":"https:\/\/cramerlaw.no\/en\/wp-json\/wp\/v2\/pages\/102","targetHints":{"allow":["GET"]}}],"collection":[{"href":"https:\/\/cramerlaw.no\/en\/wp-json\/wp\/v2\/pages"}],"about":[{"href":"https:\/\/cramerlaw.no\/en\/wp-json\/wp\/v2\/types\/page"}],"author":[{"embeddable":true,"href":"https:\/\/cramerlaw.no\/en\/wp-json\/wp\/v2\/users\/1"}],"replies":[{"embeddable":true,"href":"https:\/\/cramerlaw.no\/en\/wp-json\/wp\/v2\/comments?post=102"}],"version-history":[{"count":11,"href":"https:\/\/cramerlaw.no\/en\/wp-json\/wp\/v2\/pages\/102\/revisions"}],"predecessor-version":[{"id":253,"href":"https:\/\/cramerlaw.no\/en\/wp-json\/wp\/v2\/pages\/102\/revisions\/253"}],"wp:attachment":[{"href":"https:\/\/cramerlaw.no\/en\/wp-json\/wp\/v2\/media?parent=102"}],"curies":[{"name":"wp","href":"https:\/\/api.w.org\/{rel}","templated":true}]}}