{"id":15,"date":"2025-09-04T10:11:11","date_gmt":"2025-09-04T08:11:11","guid":{"rendered":"https:\/\/cramerlaw.no\/?page_id=15"},"modified":"2025-09-17T12:01:11","modified_gmt":"2025-09-17T10:01:11","slug":"hovedside","status":"publish","type":"page","link":"https:\/\/cramerlaw.no\/en\/","title":{"rendered":"HOME"},"content":{"rendered":"<div data-vide-bg=\"mp4: https:\/\/cramerlaw.no\/wp-content\/uploads\/2025\/09\/CRAMERLAW-NORSK-ADVOKATER-VIDEO-1.mp4\" data-vide-options=\"posterType: none, loop: true, muted: true, position: 50% 50%, resizing: true\" class=\"row wpb_row row-fluid no-row-padding full-width-row no-column-padding thb-overlay-enabled thb_video_bg\"><div class=\"wpb_column columns medium-12 thb-light-column small-12\"><div class=\"vc_column-inner\"><div class=\"wpb_wrapper\"><div class=\"vc_empty_space\" id=\"thb-empty-space-69ff05392affb\"  style=\"height: 25vh\" ><span class=\"vc_empty_space_inner\"><\/span><\/div>\n<div class=\"row wpb_row vc_inner row-fluid max_width\"><div class=\"wpb_column columns medium-2 thb-dark-column small-12\"><div class=\"vc_column-inner\"><div class=\"wpb_wrapper\"><\/div><\/div><\/div><div class=\"wpb_column columns medium-8 thb-light-column small-12\"><div class=\"vc_column-inner\"><div class=\"wpb_wrapper\">\n\t<div class=\"wpb_text_column wpb_content_element   vc_custom_1756983848120 forcewhite\" >\n\t\t<div class=\"wpb_wrapper\">\n\t\t\t<h3 style=\"text-align: center;\"><strong>CRAMER ADVOKATER<\/strong><\/h3>\n\n\t\t<\/div>\n\t<\/div>\n\n\t<div class=\"wpb_text_column wpb_content_element   extralargeheader\" >\n\t\t<div class=\"wpb_wrapper\">\n\t\t\t<h1 class=\"text-white space-bottom-medium translation-block\" style=\"text-align: center;\">Legal frameworks<br>\nand languages of two countries<\/h1>\n\n\t\t<\/div>\n\t<\/div>\n<\/div><\/div><\/div><div class=\"wpb_column columns medium-2 thb-dark-column small-12\"><div class=\"vc_column-inner\"><div class=\"wpb_wrapper\"><\/div><\/div><\/div><\/div>\t<div id=\"thb-stroketype-69ff05392b3d4\" class=\"thb-stroketype gocenter\">\n\t\t\n<h1>- we take care of that<\/h1>\n\t\t\n\t\t<style>\n\t\t\t\t\t\t#thb-stroketype-69ff05392b3d4 * {\n\t\t\t\tcolor: #ffffff;\n\t\t\t\t-webkit-text-stroke-color: #ffffff;\n\t\t\t-moz-text-stroke-color: #ffffff;\n\t\t\t-o-text-stroke-color: #ffffff;\n\t\t\t-ms-text-stroke-color: #ffffff;\n\t\t\ttext-stroke-color: #ffffff;\n\t\t\t}\n\t\t\t\t\t\t\t\t\t#thb-stroketype-69ff05392b3d4 * {\n\t\t\t\t-webkit-text-stroke-width: 1px;\n\t\t\t-moz-text-stroke-width: 1px;\n\t\t\t-o-text-stroke-width: 1px;\n\t\t\t-ms-text-stroke-width: 1px;\n\t\t\ttext-stroke-width: 1px;\n\t\t\t}\n\t\t\t\t\t<\/style>\n\t<\/div>\n  \n\t<\/div><\/div><\/div><div id=\"thb-row-overlay-69ff05392b455\" class=\"thb-row-overlay\"><\/div><style>\n  \t#thb-row-overlay-69ff05392b455 {background:rgba(200,39,24,0.01);background:linear-gradient( 0deg,#c82718,rgba(200,39,24,0.01) ); }<\/style><\/div><div class=\"row wpb_row row-fluid no-row-padding full-width-row no-column-padding vc_custom_1756983485106 row-has-fill\"><div class=\"wpb_column columns medium-12 thb-light-column small-12\"><div class=\"vc_column-inner\"><div class=\"wpb_wrapper\"><div class=\"row wpb_row vc_inner row-fluid max_width vc_custom_1756983507436\"><div class=\"wpb_column columns medium-12 vc_hidden-xs thb-dark-column small-12\"><div class=\"vc_column-inner\"><div class=\"wpb_wrapper\">\n\t<div  class=\"wpb_single_image wpb_content_element vc_align_center  vc_custom_1758103258912  top\">\n\t\t\n\t\t<figure class=\"wpb_wrapper vc_figure\">\n\t\t\t<div class=\"vc_single_image-wrapper   vc_box_border_grey\"><img loading=\"lazy\" decoding=\"async\" width=\"2560\" height=\"2065\" src=\"https:\/\/cramerlaw.no\/wp-content\/uploads\/2025\/09\/CRAMER-ADVOKATER-TEAM-scaled.png\" class=\"vc_single_image-img attachment-full\" alt=\"\" srcset=\"https:\/\/cramerlaw.no\/wp-content\/uploads\/2025\/09\/CRAMER-ADVOKATER-TEAM-scaled.png 2560w, https:\/\/cramerlaw.no\/wp-content\/uploads\/2025\/09\/CRAMER-ADVOKATER-TEAM-300x242.png 300w, https:\/\/cramerlaw.no\/wp-content\/uploads\/2025\/09\/CRAMER-ADVOKATER-TEAM-1024x826.png 1024w, https:\/\/cramerlaw.no\/wp-content\/uploads\/2025\/09\/CRAMER-ADVOKATER-TEAM-768x620.png 768w, https:\/\/cramerlaw.no\/wp-content\/uploads\/2025\/09\/CRAMER-ADVOKATER-TEAM-1536x1239.png 1536w, https:\/\/cramerlaw.no\/wp-content\/uploads\/2025\/09\/CRAMER-ADVOKATER-TEAM-2048x1652.png 2048w, https:\/\/cramerlaw.no\/wp-content\/uploads\/2025\/09\/CRAMER-ADVOKATER-TEAM-380x307.png 380w, https:\/\/cramerlaw.no\/wp-content\/uploads\/2025\/09\/CRAMER-ADVOKATER-TEAM-20x16.png 20w, https:\/\/cramerlaw.no\/wp-content\/uploads\/2025\/09\/CRAMER-ADVOKATER-TEAM-190x153.png 190w, https:\/\/cramerlaw.no\/wp-content\/uploads\/2025\/09\/CRAMER-ADVOKATER-TEAM-760x613.png 760w, https:\/\/cramerlaw.no\/wp-content\/uploads\/2025\/09\/CRAMER-ADVOKATER-TEAM-1140x920.png 1140w\" sizes=\"auto, (max-width: 2560px) 100vw, 2560px\" \/><\/div>\n\t\t<\/figure>\n\t<\/div>\n<\/div><\/div><\/div><\/div><div class=\"row wpb_row vc_inner row-fluid no-column-padding vc_custom_1757083460300\"><div class=\"wpb_column columns medium-12 vc_hidden-lg vc_hidden-md vc_hidden-sm thb-dark-column small-12\"><div class=\"vc_column-inner\"><div class=\"wpb_wrapper\"><div class=\"vc_empty_space\" id=\"thb-empty-space-69ff05392c09b\"  style=\"height: 16vh\" ><span class=\"vc_empty_space_inner\"><\/span><\/div>\n\n\t<div  class=\"wpb_single_image wpb_content_element vc_align_center  vc_custom_1758103152625  top\">\n\t\t\n\t\t<figure class=\"wpb_wrapper vc_figure\">\n\t\t\t<div class=\"vc_single_image-wrapper   vc_box_border_grey\"><img loading=\"lazy\" decoding=\"async\" width=\"2560\" height=\"2065\" src=\"https:\/\/cramerlaw.no\/wp-content\/uploads\/2025\/09\/CRAMER-ADVOKATER-TEAM-scaled.png\" class=\"vc_single_image-img attachment-full\" alt=\"\" srcset=\"https:\/\/cramerlaw.no\/wp-content\/uploads\/2025\/09\/CRAMER-ADVOKATER-TEAM-scaled.png 2560w, https:\/\/cramerlaw.no\/wp-content\/uploads\/2025\/09\/CRAMER-ADVOKATER-TEAM-300x242.png 300w, https:\/\/cramerlaw.no\/wp-content\/uploads\/2025\/09\/CRAMER-ADVOKATER-TEAM-1024x826.png 1024w, https:\/\/cramerlaw.no\/wp-content\/uploads\/2025\/09\/CRAMER-ADVOKATER-TEAM-768x620.png 768w, https:\/\/cramerlaw.no\/wp-content\/uploads\/2025\/09\/CRAMER-ADVOKATER-TEAM-1536x1239.png 1536w, https:\/\/cramerlaw.no\/wp-content\/uploads\/2025\/09\/CRAMER-ADVOKATER-TEAM-2048x1652.png 2048w, https:\/\/cramerlaw.no\/wp-content\/uploads\/2025\/09\/CRAMER-ADVOKATER-TEAM-380x307.png 380w, https:\/\/cramerlaw.no\/wp-content\/uploads\/2025\/09\/CRAMER-ADVOKATER-TEAM-20x16.png 20w, https:\/\/cramerlaw.no\/wp-content\/uploads\/2025\/09\/CRAMER-ADVOKATER-TEAM-190x153.png 190w, https:\/\/cramerlaw.no\/wp-content\/uploads\/2025\/09\/CRAMER-ADVOKATER-TEAM-760x613.png 760w, https:\/\/cramerlaw.no\/wp-content\/uploads\/2025\/09\/CRAMER-ADVOKATER-TEAM-1140x920.png 1140w\" sizes=\"auto, (max-width: 2560px) 100vw, 2560px\" \/><\/div>\n\t\t<\/figure>\n\t<\/div>\n<\/div><\/div><\/div><\/div><\/div><\/div><\/div><\/div><div class=\"row wpb_row row-fluid bloquetop no-row-padding full-width-row no-column-padding vc_custom_1756983584302 row-has-fill\"><div class=\"wpb_column columns medium-12 thb-dark-column small-12\"><div class=\"vc_column-inner\"><div class=\"wpb_wrapper\"><div class=\"vc_empty_space\" id=\"thb-empty-space-69ff05392c6c7\"  style=\"height: 6vh\" ><span class=\"vc_empty_space_inner\"><\/span><\/div>\n<div class=\"row wpb_row vc_inner row-fluid max_width\"><div class=\"wpb_column columns medium-3 thb-dark-column small-12\"><div class=\"vc_column-inner\"><div class=\"wpb_wrapper\"><\/div><\/div><\/div><div class=\"wpb_column columns medium-6 thb-dark-column small-12\"><div class=\"vc_column-inner\"><div class=\"wpb_wrapper\">\n\t<div class=\"wpb_text_column wpb_content_element   red\" >\n\t\t<div class=\"wpb_wrapper\">\n\t\t\t<h2 style=\"text-align: center;\"><span style=\"color: #c82718;\"><strong>We protect your rights<\/strong><\/span><\/h2>\n\n\t\t<\/div>\n\t<\/div>\n\n\t<div class=\"wpb_text_column wpb_content_element   vc_custom_1756983759347 red\" >\n\t\t<div class=\"wpb_wrapper\">\n\t\t\t<h4 style=\"text-align: center;\"><span style=\"color: #333333;\">\u2013 in your language<\/span><\/h4>\n\n\t\t<\/div>\n\t<\/div>\n<\/div><\/div><\/div><div class=\"wpb_column columns medium-3 thb-dark-column small-12\"><div class=\"vc_column-inner\"><div class=\"wpb_wrapper\"><\/div><\/div><\/div><\/div><div class=\"row wpb_row vc_inner row-fluid max_width\"><div class=\"wpb_column columns medium-3 thb-dark-column small-12\"><div class=\"vc_column-inner\"><div class=\"wpb_wrapper\"><\/div><\/div><\/div><div class=\"wpb_column columns medium-6 thb-dark-column small-12\"><div class=\"vc_column-inner\"><div class=\"wpb_wrapper\">\n\t<div class=\"wpb_text_column wpb_content_element\" >\n\t\t<div class=\"wpb_wrapper\">\n\t\t\t<p style=\"text-align: center;\" class=\"translation-block\">Cramer Advokater S.L. assists individuals, lawyers, and businesses with Norwegian and Spanish law, particularly where the legal systems of our two countries intersect. The firm has both Norwegian and Spanish lawyers and covers all areas of Norwegian and Spanish law.<br>\nOur clients are primarily Norwegians residing in Spain, as well as Norwegians living in Norway with interests in Spain. In addition, we assist Norwegian companies that own property or operate in Spain, as well as Spanish companies owned by Norwegians.<br>\nWe particularly help you with questions and issues in the following areas:<\/p>\n\n\t\t<\/div>\n\t<\/div>\n<\/div><\/div><\/div><div class=\"wpb_column columns medium-3 thb-dark-column small-12\"><div class=\"vc_column-inner\"><div class=\"wpb_wrapper\"><\/div><\/div><\/div><\/div><div class=\"vc_empty_space\" id=\"thb-empty-space-69ff05392cdd4\"  style=\"height: 4vh\" ><span class=\"vc_empty_space_inner\"><\/span><\/div>\n<\/div><\/div><\/div><\/div><div class=\"row wpb_row row-fluid no-row-padding full-width-row no-column-padding\"><div class=\"wpb_column columns medium-4 thb-dark-column small-12\"><div class=\"vc_column-inner\"><div class=\"wpb_wrapper\">\t<div id=\"thb-flip-box-69ff05392d038\" class=\"thb-flip-box thb-flip-horizontal thb-flip-box-front-light thb-flip-box-back-dark\">\n\t\t<div class=\"thb-flip-box-front thb-flip-box-side\">\n\t\t\t<div class=\"thb-flip-box-inner\">\n\t\t\t\t\t\t\t\t<div>\n\t\t\t\t\t<p>Civil law<\/p>\n\t\t\t\t<\/div>\n\t\t\t<\/div>\n\t\t<\/div>\n\t\t<div class=\"thb-flip-box-back thb-flip-box-side\">\n\t\t\t<div class=\"thb-flip-box-inner\">\n\t\t\t\t\t\t\t\t<div>\n\t\t\t\t\t<p class=\"translation-block\">\u2013 Inheritance settlements and probate<br>\n\u2013 Wills<br>\n\u2013 Purchase and sale of real estate<br>\n\u2013 Transfer of title<br>\n\u2013 Timeshares<br>\n\u2013 Divorce, separation, financial settlements, child custody disputes<br>\n\u2013 Formation and dissolution of companies<br>\n\u2013 Contract law<br>\n\u2013 Employment law<br>\n\u2013 Tax law<br>\n\u2013 Tax returns<br>\n\u2013 Administrative law<br>\n\u2013 Evictions<br>\n\u2013 Rental registration<\/p>\n\t\t\t\t<\/div>\n\t\t\t<\/div>\n\t\t<\/div>\n\t\t<style>\n\t\t\t#thb-flip-box-69ff05392d038 {\n\t\t\t\tmin-height: 400px;\n\t\t\t}\n\t\t\t@media screen and (-ms-high-contrast: active), (-ms-high-contrast: none) {\n\t\t\t\t#thb-flip-box-69ff05392d038 {\n\t\t\t\t\theight: 400px;\n\t\t\t\t}\n\t\t\t}\n\t\t\t#thb-flip-box-69ff05392d038 .thb-flip-box-front {\n\t\t\t\tbackground-image: url(https:\/\/cramerlaw.no\/wp-content\/uploads\/2025\/09\/CRAMERLAW-Sivilrett-1024x576.jpg);\n\t\t\t}\n\t\t\t#thb-flip-box-69ff05392d038 .thb-flip-box-back {\n\t\t\t\tbackground-image: url();\n\t\t\t}\n\t\t\t\t\t\t\t\t\t\t#thb-flip-box-69ff05392d038 .thb-flip-box-back {\n\t\t\t\t\tbackground:#f2f2f2;background:linear-gradient( -135deg,#f2f2f2,#f2f2f2 );\t\t\t\t}\n\t\t\t\t\t\t\t\t\t\t\t<\/style>\n\t\t\t<\/div>\n\t<\/div><\/div><\/div><div class=\"wpb_column columns medium-4 thb-dark-column small-12\"><div class=\"vc_column-inner\"><div class=\"wpb_wrapper\">\t<div id=\"thb-flip-box-69ff05392d901\" class=\"thb-flip-box thb-flip-horizontal thb-flip-box-front-light thb-flip-box-back-dark\">\n\t\t<div class=\"thb-flip-box-front thb-flip-box-side\">\n\t\t\t<div class=\"thb-flip-box-inner\">\n\t\t\t\t\t\t\t\t<div>\n\t\t\t\t\t<p>Criminal law<\/p>\n\t\t\t\t<\/div>\n\t\t\t<\/div>\n\t\t<\/div>\n\t\t<div class=\"thb-flip-box-back thb-flip-box-side\">\n\t\t\t<div class=\"thb-flip-box-inner\">\n\t\t\t\t\t\t\t\t<div>\n\t\t\t\t\t<p>We assist clients facing criminal law matters or proceedings in Spain. Our lawyers provide legal advice and representation at all stages of a criminal case \u2013 from investigation and questioning, to court proceedings and appeals. We emphasize protecting your rights and ensuring safe and professional support throughout the entire process.<\/p>\n\t\t\t\t<\/div>\n\t\t\t<\/div>\n\t\t<\/div>\n\t\t<style>\n\t\t\t#thb-flip-box-69ff05392d901 {\n\t\t\t\tmin-height: 400px;\n\t\t\t}\n\t\t\t@media screen and (-ms-high-contrast: active), (-ms-high-contrast: none) {\n\t\t\t\t#thb-flip-box-69ff05392d901 {\n\t\t\t\t\theight: 400px;\n\t\t\t\t}\n\t\t\t}\n\t\t\t#thb-flip-box-69ff05392d901 .thb-flip-box-front {\n\t\t\t\tbackground-image: url(https:\/\/cramerlaw.no\/wp-content\/uploads\/2025\/09\/CRAMERLAW-Strafferett-1024x683.jpg);\n\t\t\t}\n\t\t\t#thb-flip-box-69ff05392d901 .thb-flip-box-back {\n\t\t\t\tbackground-image: url();\n\t\t\t}\n\t\t\t\t\t\t\t\t\t\t#thb-flip-box-69ff05392d901 .thb-flip-box-back {\n\t\t\t\t\tbackground:#f2f2f2;background:linear-gradient( -135deg,#f2f2f2,#f2f2f2 );\t\t\t\t}\n\t\t\t\t\t\t\t\t\t\t\t<\/style>\n\t\t\t<\/div>\n\t<\/div><\/div><\/div><div class=\"wpb_column columns medium-4 thb-dark-column small-12\"><div class=\"vc_column-inner\"><div class=\"wpb_wrapper\">\t<div id=\"thb-flip-box-69ff05392dfc7\" class=\"thb-flip-box thb-flip-horizontal thb-flip-box-front-light thb-flip-box-back-dark\">\n\t\t<div class=\"thb-flip-box-front thb-flip-box-side\">\n\t\t\t<div class=\"thb-flip-box-inner\">\n\t\t\t\t\t\t\t\t<div>\n\t\t\t\t\t<p>Litigation<\/p>\n\t\t\t\t<\/div>\n\t\t\t<\/div>\n\t\t<\/div>\n\t\t<div class=\"thb-flip-box-back thb-flip-box-side\">\n\t\t\t<div class=\"thb-flip-box-inner\">\n\t\t\t\t\t\t\t\t<div>\n\t\t\t\t\t<p class=\"translation-block\">We handle cases before Spanish courts, both civil and criminal.<br>\nOur lawyers have experience with litigation across different areas of law and ensure thorough preparation and a clear presentation of your case in court. Our goal is to safeguard your interests in the best possible way throughout the entire legal process.<\/p>\n\t\t\t\t<\/div>\n\t\t\t<\/div>\n\t\t<\/div>\n\t\t<style>\n\t\t\t#thb-flip-box-69ff05392dfc7 {\n\t\t\t\tmin-height: 400px;\n\t\t\t}\n\t\t\t@media screen and (-ms-high-contrast: active), (-ms-high-contrast: none) {\n\t\t\t\t#thb-flip-box-69ff05392dfc7 {\n\t\t\t\t\theight: 400px;\n\t\t\t\t}\n\t\t\t}\n\t\t\t#thb-flip-box-69ff05392dfc7 .thb-flip-box-front {\n\t\t\t\tbackground-image: url(https:\/\/cramerlaw.no\/wp-content\/uploads\/2025\/09\/CRAMERLAW-Prosedyre-1-1024x683.jpg);\n\t\t\t}\n\t\t\t#thb-flip-box-69ff05392dfc7 .thb-flip-box-back {\n\t\t\t\tbackground-image: url();\n\t\t\t}\n\t\t\t\t\t\t\t\t\t\t#thb-flip-box-69ff05392dfc7 .thb-flip-box-back {\n\t\t\t\t\tbackground:#f2f2f2;background:linear-gradient( -135deg,#f2f2f2,#f2f2f2 );\t\t\t\t}\n\t\t\t\t\t\t\t\t\t\t\t<\/style>\n\t\t\t<\/div>\n\t<\/div><\/div><\/div><\/div><div data-vc-parallax=\"1.8\" data-vc-parallax-image=\"https:\/\/cramerlaw.no\/wp-content\/uploads\/2025\/09\/CRAMERLAW-GUIDE-EIENDOM.jpg\" class=\"row wpb_row row-fluid no-row-padding full-width-row no-column-padding thb-overlay-enabled row-has-fill vc_general vc_parallax vc_parallax-content-moving\"><div class=\"wpb_column columns medium-12 thb-dark-column small-12\"><div class=\"vc_column-inner\"><div class=\"wpb_wrapper\"><div class=\"vc_empty_space\" id=\"thb-empty-space-69ff05392e931\"  style=\"height: 20vh\" ><span class=\"vc_empty_space_inner\"><\/span><\/div>\n<div class=\"row wpb_row vc_inner row-fluid max_width\"><div class=\"wpb_column columns medium-2 thb-dark-column small-12\"><div class=\"vc_column-inner\"><div class=\"wpb_wrapper\"><\/div><\/div><\/div><div class=\"wpb_column columns medium-8 thb-light-column small-12\"><div class=\"vc_column-inner\"><div class=\"wpb_wrapper\">\n\t<div class=\"wpb_text_column wpb_content_element   white\" >\n\t\t<div class=\"wpb_wrapper\">\n\t\t\t<h1 style=\"text-align: center;\">Property, tax, and inheritance in Spain<\/h1>\n\n\t\t<\/div>\n\t<\/div>\n\n\t<div class=\"wpb_text_column wpb_content_element   vc_custom_1756984442762\" >\n\t\t<div class=\"wpb_wrapper\">\n\t\t\t<h3 style=\"text-align: center;\" class=\"translation-block\">download the ebook <strong>for free<\/strong>!<\/h3>\n\n\t\t<\/div>\n\t<\/div>\n<\/div><\/div><\/div><div class=\"wpb_column columns medium-2 thb-dark-column small-12\"><div class=\"vc_column-inner\"><div class=\"wpb_wrapper\"><\/div><\/div><\/div><\/div><div class=\"row wpb_row vc_inner row-fluid max_width\"><div class=\"wpb_column columns medium-4 thb-dark-column small-12\"><div class=\"vc_column-inner\"><div class=\"wpb_wrapper\"><\/div><\/div><\/div><div class=\"wpb_column columns medium-4 thb-light-column small-12\"><div class=\"vc_column-inner\"><div class=\"wpb_wrapper\">\t<a id=\"thb-button-69ff05392ec90\" class=\"btn style1 medium full accent pill-radius   thb_shadow\" href=\"\/en\/guide-i-spania\/\" target=\"_self\" role=\"button\">\n\t\t<span>Download for free now! (Norwegian)<\/span>\n\t\t\t<\/a>\n\t\t<\/div><\/div><\/div><div class=\"wpb_column columns medium-4 thb-dark-column small-12\"><div class=\"vc_column-inner\"><div class=\"wpb_wrapper\"><\/div><\/div><\/div><\/div><div class=\"vc_empty_space\" id=\"thb-empty-space-69ff05392ed3d\"  style=\"height: 20vh\" ><span class=\"vc_empty_space_inner\"><\/span><\/div>\n<\/div><\/div><\/div><div id=\"thb-row-overlay-69ff05392ed5b\" class=\"thb-row-overlay\"><\/div><style>\n  \t#thb-row-overlay-69ff05392ed5b {background:rgba(0,0,0,0.11);background:linear-gradient( -135deg,rgba(0,0,0,0.11),rgba(0,0,0,0.11) ); }<\/style><\/div>","protected":false},"excerpt":{"rendered":"CRAMER ADVOKATER To lands regelsett og spr\u00e5k - det l\u00f8ser vi Vi beskytter dine rettigheter \u2013 p\u00e5 ditt spr\u00e5k Cramer Advokater S.L. hjelper privatpersoner, advokater og n\u00e6ringsdrivende innenfor norsk og spansk juss, og s\u00e6rlig der v\u00e5re to lands regelsett m\u00f8tes. Selskapet har norske og spanske advokater og dekker alle omr\u00e5der innen norsk og spansk juss.&hellip;","protected":false},"author":1,"featured_media":0,"parent":0,"menu_order":0,"comment_status":"closed","ping_status":"closed","template":"","meta":{"footnotes":""},"class_list":["post-15","page","type-page","status-publish","hentry"],"_links":{"self":[{"href":"https:\/\/cramerlaw.no\/en\/wp-json\/wp\/v2\/pages\/15","targetHints":{"allow":["GET"]}}],"collection":[{"href":"https:\/\/cramerlaw.no\/en\/wp-json\/wp\/v2\/pages"}],"about":[{"href":"https:\/\/cramerlaw.no\/en\/wp-json\/wp\/v2\/types\/page"}],"author":[{"embeddable":true,"href":"https:\/\/cramerlaw.no\/en\/wp-json\/wp\/v2\/users\/1"}],"replies":[{"embeddable":true,"href":"https:\/\/cramerlaw.no\/en\/wp-json\/wp\/v2\/comments?post=15"}],"version-history":[{"count":26,"href":"https:\/\/cramerlaw.no\/en\/wp-json\/wp\/v2\/pages\/15\/revisions"}],"predecessor-version":[{"id":260,"href":"https:\/\/cramerlaw.no\/en\/wp-json\/wp\/v2\/pages\/15\/revisions\/260"}],"wp:attachment":[{"href":"https:\/\/cramerlaw.no\/en\/wp-json\/wp\/v2\/media?parent=15"}],"curies":[{"name":"wp","href":"https:\/\/api.w.org\/{rel}","templated":true}]}}