{"id":164,"date":"2025-09-05T12:54:52","date_gmt":"2025-09-05T10:54:52","guid":{"rendered":"https:\/\/cramerlaw.no\/?page_id=164"},"modified":"2025-09-05T12:54:52","modified_gmt":"2025-09-05T10:54:52","slug":"gunnar-cramer","status":"publish","type":"page","link":"https:\/\/cramerlaw.no\/en\/medarbeidere\/gunnar-cramer\/","title":{"rendered":"Gunnar Cramer"},"content":{"rendered":"<div class=\"row wpb_row row-fluid no-row-padding full-width-row no-column-padding row-o-full-height row-o-columns-top row-o-content-top row-flex\"><div class=\"wpb_column columns medium-6 thb-dark-column has-fill small-12\"><div class=\"vc_column-inner  thb-fixed vc_custom_1757069261743\"><div class=\"wpb_wrapper\"><div class=\"row wpb_row vc_inner row-fluid no-column-padding\"><div class=\"wpb_column columns medium-12 vc_hidden-xs thb-dark-column has-fill small-12\"><div class=\"vc_column-inner   vc_custom_1757069578941\"><div class=\"wpb_wrapper\"><div class=\"vc_empty_space\" id=\"thb-empty-space-69d61ff6363f4\"  style=\"height: 80vh\" ><span class=\"vc_empty_space_inner\"><\/span><\/div>\n<\/div><\/div><\/div><\/div><div class=\"row wpb_row vc_inner row-fluid no-column-padding\"><div class=\"wpb_column columns medium-12 vc_hidden-lg vc_hidden-md vc_hidden-sm thb-dark-column has-fill small-12\"><div class=\"vc_column-inner   vc_custom_1757069296047\"><div class=\"wpb_wrapper\">\n\t<div  class=\"wpb_single_image wpb_content_element vc_align_center\">\n\t\t\n\t\t<figure class=\"wpb_wrapper vc_figure\">\n\t\t\t<div class=\"vc_single_image-wrapper   vc_box_border_grey\"><img loading=\"lazy\" decoding=\"async\" width=\"741\" height=\"594\" src=\"https:\/\/cramerlaw.no\/wp-content\/uploads\/2025\/09\/gunnar.jpg\" class=\"vc_single_image-img attachment-full\" alt=\"\" srcset=\"https:\/\/cramerlaw.no\/wp-content\/uploads\/2025\/09\/gunnar.jpg 741w, https:\/\/cramerlaw.no\/wp-content\/uploads\/2025\/09\/gunnar-300x240.jpg 300w, https:\/\/cramerlaw.no\/wp-content\/uploads\/2025\/09\/gunnar-380x305.jpg 380w, https:\/\/cramerlaw.no\/wp-content\/uploads\/2025\/09\/gunnar-20x16.jpg 20w, https:\/\/cramerlaw.no\/wp-content\/uploads\/2025\/09\/gunnar-190x152.jpg 190w\" sizes=\"auto, (max-width: 741px) 100vw, 741px\" \/><\/div>\n\t\t<\/figure>\n\t<\/div>\n<\/div><\/div><\/div><\/div><\/div><\/div><\/div><div class=\"wpb_column columns medium-6 thb-dark-column small-12\"><div class=\"vc_column-inner\"><div class=\"wpb_wrapper\"><div class=\"vc_empty_space\" id=\"thb-empty-space-69d61ff636cbb\"  style=\"height: 5vh\" ><span class=\"vc_empty_space_inner\"><\/span><\/div>\n<style>\n\t@media screen and (max-width: 640px) {\n\t\t#thb-empty-space-69d61ff636cbb {\n\t\t\theight: 2vh !important;\n\t\t}\n\t}\n<\/style>\n\t<div class=\"row wpb_row vc_inner row-fluid max_width\"><div class=\"wpb_column columns medium-12 thb-dark-column small-12\"><div class=\"vc_column-inner\"><div class=\"wpb_wrapper\">\n\t<div class=\"wpb_text_column wpb_content_element   vc_custom_1757069408008\" >\n\t\t<div class=\"wpb_wrapper\">\n\t\t\t<h3 style=\"text-align: left;\"><strong><span style=\"color: #333333;\"><a style=\"color: #333333;\" href=\"https:\/\/cramerlaw.no\/en\/\">CRAMER ADVOKATER<\/a> &gt; <\/span><a href=\"https:\/\/cramerlaw.no\/en\/medarbeidere\/\"><span style=\"color: #c82718;\">OUR TEAM<\/span><\/a><\/strong><\/h3>\n\n\t\t<\/div>\n\t<\/div>\n\n\t<div class=\"wpb_text_column wpb_content_element   extralargeheader\" >\n\t\t<div class=\"wpb_wrapper\">\n\t\t\t<h1 class=\"text-white space-bottom-medium\" style=\"text-align: left;\"><span style=\"color: #c82718;\">Gunnar Cramer<\/span><\/h1>\n\n\t\t<\/div>\n\t<\/div>\n\n\t<div class=\"wpb_text_column wpb_content_element   vc_custom_1757067831431\" >\n\t\t<div class=\"wpb_wrapper\">\n\t\t\t<h4><span style=\"color: #333333;\"><span class=\"style\">Lawyer<\/span>\u00a0in T\u00f8nsberg<\/span><\/h4>\n\n\t\t<\/div>\n\t<\/div>\n<\/div><\/div><\/div><\/div><div class=\"row wpb_row vc_inner row-fluid max_width\"><div class=\"wpb_column columns medium-12 thb-dark-column small-12\"><div class=\"vc_column-inner\"><div class=\"wpb_wrapper\">\t<div id=\"thb-accordion-69d61ff636fdf\" class=\"thb-accordion style3 has-accordion\" data-scroll=\"\" data-index=\"9\">\n\t\t<div class=\"vc_tta-panel\" id=\"1757058449687-a50790c4-6c5d\" data-vc-content=\".vc_tta-panel-body\"><div class=\"vc_tta-panel-heading\"><h4 class=\"vc_tta-panel-title\"><a href=\"#1757058449687-a50790c4-6c5d\" data-vc-accordion data-vc-container=\".vc_tta-container\"><span class=\"vc_tta-title-text\">Areas of Expertise<\/span><\/a><\/h4><\/div><div class=\"vc_tta-panel-body\">\n\t<div class=\"wpb_text_column wpb_content_element\" >\n\t\t<div class=\"wpb_wrapper\">\n\t\t\t<ul>\n<li>Fast eiendoms rettsforhold, grense- og nabosaker.<\/li>\n<li>Forretningsf\u00f8rsel fast eiendom, utleie, kontrakter og megling.<\/li>\n<li>Forretningsf\u00f8rsel, bistand til bedrifter.<\/li>\n<li>Gjeldsforhandling og konkurs, tvangsfullbyrdelse.<\/li>\n<li>Familierett, ektefeller og samboerforhold, separasjon, skifte og fordeling av verdier; s\u00e6reie og samboerkontrakter.<\/li>\n<li>Barns rettsforhold, samv\u00e6rsavtaler og barnevern.<\/li>\n<li>Alminnelig praksis med prosedyre.<\/li>\n<\/ul>\n\n\t\t<\/div>\n\t<\/div>\n<\/div><\/div><div class=\"vc_tta-panel\" id=\"1757058449699-6bf0103e-d9fe\" data-vc-content=\".vc_tta-panel-body\"><div class=\"vc_tta-panel-heading\"><h4 class=\"vc_tta-panel-title\"><a href=\"#1757058449699-6bf0103e-d9fe\" data-vc-accordion data-vc-container=\".vc_tta-container\"><span class=\"vc_tta-title-text\">UTDANNELSE<\/span><\/a><\/h4><\/div><div class=\"vc_tta-panel-body\">\n\t<div class=\"wpb_text_column wpb_content_element\" >\n\t\t<div class=\"wpb_wrapper\">\n\t\t\t<ul>\n<li><strong>1971:<\/strong> Cand. jur. \u2013 Universitetet i Oslo, spesialfag: Skatterett.<\/li>\n<\/ul>\n\n\t\t<\/div>\n\t<\/div>\n<\/div><\/div><div class=\"vc_tta-panel\" id=\"1757069627140-29bd29a3-ecb0\" data-vc-content=\".vc_tta-panel-body\"><div class=\"vc_tta-panel-heading\"><h4 class=\"vc_tta-panel-title\"><a href=\"#1757069627140-29bd29a3-ecb0\" data-vc-accordion data-vc-container=\".vc_tta-container\"><span class=\"vc_tta-title-text\">Work Experience<\/span><\/a><\/h4><\/div><div class=\"vc_tta-panel-body\">\n\t<div class=\"wpb_text_column wpb_content_element\" >\n\t\t<div class=\"wpb_wrapper\">\n\t\t\t<ul>\n<li><strong>1971 \u2013 1972<\/strong>: Direkt\u00f8ren for Skattevesenet.<\/li>\n<li><strong>1972 \u2013 1973<\/strong>: Dommerfullmektig Trondheim Byfogdembede.<\/li>\n<li><strong>1973 \u2013 1974:<\/strong>\u00a0Dommerfullmektig T\u00f8nsberg sorenskriverkontor.<\/li>\n<li><strong>1974 -:<\/strong>\u00a0Etter dette egen advokatpraksis i T\u00f8nsberg.<\/li>\n<\/ul>\n\n\t\t<\/div>\n\t<\/div>\n<\/div><\/div><div class=\"vc_tta-panel\" id=\"1757069626259-bf0da4fa-bcb2\" data-vc-content=\".vc_tta-panel-body\"><div class=\"vc_tta-panel-heading\"><h4 class=\"vc_tta-panel-title\"><a href=\"#1757069626259-bf0da4fa-bcb2\" data-vc-accordion data-vc-container=\".vc_tta-container\"><span class=\"vc_tta-title-text\">TILLITSVERV, ERFARING, M.V.<\/span><\/a><\/h4><\/div><div class=\"vc_tta-panel-body\">\n\t<div class=\"wpb_text_column wpb_content_element\" >\n\t\t<div class=\"wpb_wrapper\">\n\t\t\t<ul>\n<li><strong>1981 \u2013 1993:<\/strong>\u00a0Politiske verv i Tj\u00f8me kommunestyre, formannsskap, gruppeleder H\u00f8yre, div. lederstillinger i politiske r\u00e5d og utvalg.<\/li>\n<li><strong>1974 -:<\/strong>\u00a0I kortere og lengre perioder daglig leder i flere eiendomsselskaper, styremedlem i n\u00e6ringsvirksomheter.<\/li>\n<\/ul>\n\n\t\t<\/div>\n\t<\/div>\n<\/div><\/div>\t<\/div>\n\t<\/div><\/div><\/div><\/div><div class=\"vc_empty_space\" id=\"thb-empty-space-69d61ff637511\"  style=\"height: 1vh\" ><span class=\"vc_empty_space_inner\"><\/span><\/div>\n<div class=\"row wpb_row vc_inner row-fluid max_width vc_custom_1757068772799\" style=\"border-radius:25px 25px 25px 25px\"><div class=\"wpb_column columns medium-12 thb-dark-column has-fill small-12\"><div class=\"vc_column-inner   vc_custom_1757068945256\" style=\"border-radius:25px 25px 25px 25px\"><div class=\"wpb_wrapper\"><div class=\"vc_empty_space\" id=\"thb-empty-space-69d61ff63762d\"  style=\"height: 3vh\" ><span class=\"vc_empty_space_inner\"><\/span><\/div>\n\n\t<div class=\"wpb_text_column wpb_content_element   vc_custom_1757069562176 epost\" >\n\t\t<div class=\"wpb_wrapper\">\n\t\t\t<h2><span style=\"color: #c82718;\">Kontakt Gunnar<\/span><\/h2>\n\n\t\t<\/div>\n\t<\/div>\n<div class=\"vc_empty_space\" id=\"thb-empty-space-69d61ff6376b7\"  style=\"height: 1vh\" ><span class=\"vc_empty_space_inner\"><\/span><\/div>\n<script type=\"text\/javascript\">var gform;gform||(document.addEventListener(\"gform_main_scripts_loaded\",function(){gform.scriptsLoaded=!0}),window.addEventListener(\"DOMContentLoaded\",function(){gform.domLoaded=!0}),gform={domLoaded:!1,scriptsLoaded:!1,initializeOnLoaded:function(o){gform.domLoaded&&gform.scriptsLoaded?o():!gform.domLoaded&&gform.scriptsLoaded?window.addEventListener(\"DOMContentLoaded\",o):document.addEventListener(\"gform_main_scripts_loaded\",o)},hooks:{action:{},filter:{}},addAction:function(o,n,r,t){gform.addHook(\"action\",o,n,r,t)},addFilter:function(o,n,r,t){gform.addHook(\"filter\",o,n,r,t)},doAction:function(o){gform.doHook(\"action\",o,arguments)},applyFilters:function(o){return gform.doHook(\"filter\",o,arguments)},removeAction:function(o,n){gform.removeHook(\"action\",o,n)},removeFilter:function(o,n,r){gform.removeHook(\"filter\",o,n,r)},addHook:function(o,n,r,t,i){null==gform.hooks[o][n]&&(gform.hooks[o][n]=[]);var e=gform.hooks[o][n];null==i&&(i=n+\"_\"+e.length),gform.hooks[o][n].push({tag:i,callable:r,priority:t=null==t?10:t})},doHook:function(n,o,r){var t;if(r=Array.prototype.slice.call(r,1),null!=gform.hooks[n][o]&&((o=gform.hooks[n][o]).sort(function(o,n){return o.priority-n.priority}),o.forEach(function(o){\"function\"!=typeof(t=o.callable)&&(t=window[t]),\"action\"==n?t.apply(null,r):r[0]=t.apply(null,r)})),\"filter\"==n)return r[0]},removeHook:function(o,n,t,i){var r;null!=gform.hooks[o][n]&&(r=(r=gform.hooks[o][n]).filter(function(o,n,r){return!!(null!=i&&i!=o.tag||null!=t&&t!=o.priority)}),gform.hooks[o][n]=r)}});<\/script>\n                <div class='gf_browser_gecko gform_wrapper gravity-theme' id='gform_wrapper_5' ><form method='post' enctype='multipart\/form-data'  id='gform_5'  action='\/en\/wp-json\/wp\/v2\/pages\/164' novalidate data-trp-original-action=\"\/en\/wp-json\/wp\/v2\/pages\/164\">\n                        <div class='gform_body gform-body'><div id='gform_fields_5' class='gform_fields top_label form_sublabel_below description_below'><fieldset id=\"field_5_1\" class=\"gfield gfield_contains_required field_sublabel_hidden_label field_description_above gfield_visibility_visible\" ><legend class='gfield_label gfield_label_before_complex'  >Name<span class=\"gfield_required\"><span class=\"gfield_required gfield_required_custom\">Required<\/span><\/span><\/legend><div class='ginput_complex ginput_container no_prefix has_first_name no_middle_name no_last_name no_suffix gf_name_has_1 ginput_container_name' id='input_5_1'>\n                            \n                            <span id='input_5_1_3_container' class='name_first' >\n                                                    <input type='text' name='input_1.3' id='input_5_1_3' value=''   aria-required='true'     \/>\n                                                    <label for='input_5_1_3' class='hidden_sub_label screen-reader-text'>First<\/label>\n                                                <\/span>\n                            \n                            \n                            \n                        <\/div><\/fieldset><div id=\"field_5_2\" class=\"gfield gfield--width-full gfield_contains_required field_sublabel_below field_description_below gfield_visibility_visible\" ><label class='gfield_label' for='input_5_2' >Email<span class=\"gfield_required\"><span class=\"gfield_required gfield_required_custom\">Required<\/span><\/span><\/label><div class='ginput_container ginput_container_email'>\n                            <input name='input_2' id='input_5_2' type='email' value='' class='large'    aria-required=\"true\" aria-invalid=\"false\"  \/>\n                        <\/div><\/div><div id=\"field_5_3\" class=\"gfield gfield--width-full field_sublabel_below field_description_below gfield_visibility_visible\" ><label class='gfield_label' for='input_5_3' >Subject<\/label><div class='ginput_container ginput_container_text'><input name='input_3' id='input_5_3' type='text' value='' class='large'      aria-invalid=\"false\"   \/> <\/div><\/div><div id=\"field_5_5\" class=\"gfield gfield--width-full gfield_contains_required field_sublabel_below field_description_below gfield_visibility_visible\" ><label class='gfield_label' for='input_5_5' >Message<span class=\"gfield_required\"><span class=\"gfield_required gfield_required_custom\">Required<\/span><\/span><\/label><div class='ginput_container ginput_container_textarea'><textarea name='input_5' id='input_5_5' class='textarea large'     aria-required=\"true\" aria-invalid=\"false\"   rows='10' cols='50'><\/textarea><\/div><\/div><\/div><\/div>\n        <div class='gform_footer top_label'> <input type='submit' id='gform_submit_button_5' class='gform_button button' value='SEND'  onclick='if(window[\"gf_submitting_5\"]){return false;}  if( !jQuery(\"#gform_5\")[0].checkValidity || jQuery(\"#gform_5\")[0].checkValidity()){window[\"gf_submitting_5\"]=true;}  ' onkeypress='if( event.keyCode == 13 ){ if(window[\"gf_submitting_5\"]){return false;} if( !jQuery(\"#gform_5\")[0].checkValidity || jQuery(\"#gform_5\")[0].checkValidity()){window[\"gf_submitting_5\"]=true;}  jQuery(\"#gform_5\").trigger(\"submit\",[true]); }' \/> \n            <input type='hidden' class='gform_hidden' name='is_submit_5' value='1' \/>\n            <input type='hidden' class='gform_hidden' name='gform_submit' value='5' \/>\n            \n            <input type='hidden' class='gform_hidden' name='gform_unique_id' value='' \/>\n            <input type='hidden' class='gform_hidden' name='state_5' value='WyJbXSIsIjA5NDg4NTNjNmVkN2E4NzQwZDNhMjM3ZDc0OGFjZjhjIl0=' \/>\n            <input type='hidden' class='gform_hidden' name='gform_target_page_number_5' id='gform_target_page_number_5' value='0' \/>\n            <input type='hidden' class='gform_hidden' name='gform_source_page_number_5' id='gform_source_page_number_5' value='1' \/>\n            <input type='hidden' name='gform_field_values' value='' \/>\n            \n        <\/div>\n                        <input type=\"hidden\" name=\"trp-form-language\" value=\"en\"\/><\/form>\n                        <\/div><\/div><\/div><\/div><\/div><div class=\"vc_empty_space\" id=\"thb-empty-space-69d61ff639c31\"  style=\"height: 5vh\" ><span class=\"vc_empty_space_inner\"><\/span><\/div>\n<\/div><\/div><\/div><\/div>","protected":false},"excerpt":{"rendered":"CRAMER ADVOKATER &gt; MEDARBEIDERE Gunnar Cramer Advokat\u00a0i T\u00f8nsberg FAGOMR\u00c5DER Fast eiendoms rettsforhold, grense- og nabosaker. Forretningsf\u00f8rsel fast eiendom, utleie, kontrakter og megling. Forretningsf\u00f8rsel, bistand til bedrifter. Gjeldsforhandling og konkurs, tvangsfullbyrdelse. Familierett, ektefeller og samboerforhold, separasjon, skifte og fordeling av verdier; s\u00e6reie og samboerkontrakter. Barns rettsforhold, samv\u00e6rsavtaler og barnevern. Alminnelig praksis med prosedyre. UTDANNELSE 1971: Cand.&hellip;","protected":false},"author":1,"featured_media":118,"parent":102,"menu_order":0,"comment_status":"closed","ping_status":"closed","template":"","meta":{"footnotes":""},"class_list":["post-164","page","type-page","status-publish","has-post-thumbnail","hentry"],"_links":{"self":[{"href":"https:\/\/cramerlaw.no\/en\/wp-json\/wp\/v2\/pages\/164","targetHints":{"allow":["GET"]}}],"collection":[{"href":"https:\/\/cramerlaw.no\/en\/wp-json\/wp\/v2\/pages"}],"about":[{"href":"https:\/\/cramerlaw.no\/en\/wp-json\/wp\/v2\/types\/page"}],"author":[{"embeddable":true,"href":"https:\/\/cramerlaw.no\/en\/wp-json\/wp\/v2\/users\/1"}],"replies":[{"embeddable":true,"href":"https:\/\/cramerlaw.no\/en\/wp-json\/wp\/v2\/comments?post=164"}],"version-history":[{"count":1,"href":"https:\/\/cramerlaw.no\/en\/wp-json\/wp\/v2\/pages\/164\/revisions"}],"predecessor-version":[{"id":165,"href":"https:\/\/cramerlaw.no\/en\/wp-json\/wp\/v2\/pages\/164\/revisions\/165"}],"up":[{"embeddable":true,"href":"https:\/\/cramerlaw.no\/en\/wp-json\/wp\/v2\/pages\/102"}],"wp:featuredmedia":[{"embeddable":true,"href":"https:\/\/cramerlaw.no\/en\/wp-json\/wp\/v2\/media\/118"}],"wp:attachment":[{"href":"https:\/\/cramerlaw.no\/en\/wp-json\/wp\/v2\/media?parent=164"}],"curies":[{"name":"wp","href":"https:\/\/api.w.org\/{rel}","templated":true}]}}