{"id":169,"date":"2025-09-05T13:19:19","date_gmt":"2025-09-05T11:19:19","guid":{"rendered":"https:\/\/cramerlaw.no\/?page_id=169"},"modified":"2025-09-05T13:23:44","modified_gmt":"2025-09-05T11:23:44","slug":"maria-guillen","status":"publish","type":"page","link":"https:\/\/cramerlaw.no\/en\/medarbeidere\/maria-guillen\/","title":{"rendered":"Mar\u00eda Guill\u00e9n"},"content":{"rendered":"<div class=\"row wpb_row row-fluid no-row-padding full-width-row no-column-padding row-o-full-height row-o-columns-top row-o-content-top row-flex\"><div class=\"wpb_column columns medium-6 thb-dark-column has-fill small-12\"><div class=\"vc_column-inner  thb-fixed vc_custom_1757069261743\"><div class=\"wpb_wrapper\"><div class=\"row wpb_row vc_inner row-fluid no-column-padding\"><div class=\"wpb_column columns medium-12 vc_hidden-xs thb-dark-column has-fill small-12\"><div class=\"vc_column-inner   vc_custom_1757071142695\"><div class=\"wpb_wrapper\"><div class=\"vc_empty_space\" id=\"thb-empty-space-69ff2256bffab\"  style=\"height: 80vh\" ><span class=\"vc_empty_space_inner\"><\/span><\/div>\n<\/div><\/div><\/div><\/div><div class=\"row wpb_row vc_inner row-fluid no-column-padding\"><div class=\"wpb_column columns medium-12 vc_hidden-lg vc_hidden-md vc_hidden-sm thb-dark-column has-fill small-12\"><div class=\"vc_column-inner   vc_custom_1757069296047\"><div class=\"wpb_wrapper\">\n\t<div  class=\"wpb_single_image wpb_content_element vc_align_center\">\n\t\t\n\t\t<figure class=\"wpb_wrapper vc_figure\">\n\t\t\t<div class=\"vc_single_image-wrapper   vc_box_border_grey\"><img loading=\"lazy\" decoding=\"async\" width=\"2560\" height=\"2062\" src=\"https:\/\/cramerlaw.no\/wp-content\/uploads\/2025\/09\/Maria-copy-scaled-1.jpg\" class=\"vc_single_image-img attachment-full\" alt=\"\" srcset=\"https:\/\/cramerlaw.no\/wp-content\/uploads\/2025\/09\/Maria-copy-scaled-1.jpg 2560w, https:\/\/cramerlaw.no\/wp-content\/uploads\/2025\/09\/Maria-copy-scaled-1-300x242.jpg 300w, https:\/\/cramerlaw.no\/wp-content\/uploads\/2025\/09\/Maria-copy-scaled-1-1024x825.jpg 1024w, https:\/\/cramerlaw.no\/wp-content\/uploads\/2025\/09\/Maria-copy-scaled-1-768x619.jpg 768w, https:\/\/cramerlaw.no\/wp-content\/uploads\/2025\/09\/Maria-copy-scaled-1-1536x1237.jpg 1536w, https:\/\/cramerlaw.no\/wp-content\/uploads\/2025\/09\/Maria-copy-scaled-1-2048x1650.jpg 2048w, https:\/\/cramerlaw.no\/wp-content\/uploads\/2025\/09\/Maria-copy-scaled-1-380x306.jpg 380w, https:\/\/cramerlaw.no\/wp-content\/uploads\/2025\/09\/Maria-copy-scaled-1-20x16.jpg 20w, https:\/\/cramerlaw.no\/wp-content\/uploads\/2025\/09\/Maria-copy-scaled-1-190x153.jpg 190w, https:\/\/cramerlaw.no\/wp-content\/uploads\/2025\/09\/Maria-copy-scaled-1-760x612.jpg 760w, https:\/\/cramerlaw.no\/wp-content\/uploads\/2025\/09\/Maria-copy-scaled-1-1140x918.jpg 1140w\" sizes=\"auto, (max-width: 2560px) 100vw, 2560px\" \/><\/div>\n\t\t<\/figure>\n\t<\/div>\n<\/div><\/div><\/div><\/div><\/div><\/div><\/div><div class=\"wpb_column columns medium-6 thb-dark-column small-12\"><div class=\"vc_column-inner\"><div class=\"wpb_wrapper\"><div class=\"vc_empty_space\" id=\"thb-empty-space-69ff2256c0ae8\"  style=\"height: 5vh\" ><span class=\"vc_empty_space_inner\"><\/span><\/div>\n<style>\n\t@media screen and (max-width: 640px) {\n\t\t#thb-empty-space-69ff2256c0ae8 {\n\t\t\theight: 2vh !important;\n\t\t}\n\t}\n<\/style>\n\t<div class=\"row wpb_row vc_inner row-fluid max_width\"><div class=\"wpb_column columns medium-12 thb-dark-column small-12\"><div class=\"vc_column-inner\"><div class=\"wpb_wrapper\">\n\t<div class=\"wpb_text_column wpb_content_element   vc_custom_1757069408008\" >\n\t\t<div class=\"wpb_wrapper\">\n\t\t\t<h3 style=\"text-align: left;\"><strong><span style=\"color: #333333;\"><a style=\"color: #333333;\" href=\"https:\/\/cramerlaw.no\/en\/\">CRAMER ADVOKATER<\/a> &gt; <\/span><a href=\"https:\/\/cramerlaw.no\/en\/medarbeidere\/\"><span style=\"color: #c82718;\">OUR TEAM<\/span><\/a><\/strong><\/h3>\n\n\t\t<\/div>\n\t<\/div>\n\n\t<div class=\"wpb_text_column wpb_content_element   extralargeheader\" >\n\t\t<div class=\"wpb_wrapper\">\n\t\t\t<h1 class=\"text-white space-bottom-medium\" style=\"text-align: left;\"><span style=\"color: #c82718;\"> Mar\u00eda Guill\u00e9n <\/span><\/h1>\n\n\t\t<\/div>\n\t<\/div>\n\n\t<div class=\"wpb_text_column wpb_content_element   vc_custom_1757071114531\" >\n\t\t<div class=\"wpb_wrapper\">\n\t\t\t<h4>Administrative Assistant in Fuengirola<\/h4>\n\n\t\t<\/div>\n\t<\/div>\n<\/div><\/div><\/div><\/div><div class=\"row wpb_row vc_inner row-fluid max_width\"><div class=\"wpb_column columns medium-12 thb-dark-column small-12\"><div class=\"vc_column-inner\"><div class=\"wpb_wrapper\">\n\t<div class=\"wpb_text_column wpb_content_element\" >\n\t\t<div class=\"wpb_wrapper\">\n\t\t\t<p>Maria is from M\u00e1laga and has university studies in economics. She started working for a gestor\u00eda and then moved into the real estate industry. She has experience with administrative tasks. She began as an Administrative Assistant at Cramer Advokater in 2022.<\/p>\n<p>Maria speaks Spanish, English, and French.<\/p>\n\n\t\t<\/div>\n\t<\/div>\n<\/div><\/div><\/div><\/div><div class=\"vc_empty_space\" id=\"thb-empty-space-69ff2256c0eb5\"  style=\"height: 1vh\" ><span class=\"vc_empty_space_inner\"><\/span><\/div>\n<div class=\"row wpb_row vc_inner row-fluid max_width vc_custom_1757068772799\" style=\"border-radius:25px 25px 25px 25px\"><div class=\"wpb_column columns medium-12 thb-dark-column has-fill small-12\"><div class=\"vc_column-inner   vc_custom_1757068945256\" style=\"border-radius:25px 25px 25px 25px\"><div class=\"wpb_wrapper\"><div class=\"vc_empty_space\" id=\"thb-empty-space-69ff2256c0fd2\"  style=\"height: 3vh\" ><span class=\"vc_empty_space_inner\"><\/span><\/div>\n\n\t<div class=\"wpb_text_column wpb_content_element   vc_custom_1757071096023 epost\" >\n\t\t<div class=\"wpb_wrapper\">\n\t\t\t<h2><span style=\"color: #c82718;\">Contact Mar\u00eda<\/span><\/h2>\n\n\t\t<\/div>\n\t<\/div>\n<div class=\"vc_empty_space\" id=\"thb-empty-space-69ff2256c1065\"  style=\"height: 1vh\" ><span class=\"vc_empty_space_inner\"><\/span><\/div>\n<script type=\"text\/javascript\">var gform;gform||(document.addEventListener(\"gform_main_scripts_loaded\",function(){gform.scriptsLoaded=!0}),window.addEventListener(\"DOMContentLoaded\",function(){gform.domLoaded=!0}),gform={domLoaded:!1,scriptsLoaded:!1,initializeOnLoaded:function(o){gform.domLoaded&&gform.scriptsLoaded?o():!gform.domLoaded&&gform.scriptsLoaded?window.addEventListener(\"DOMContentLoaded\",o):document.addEventListener(\"gform_main_scripts_loaded\",o)},hooks:{action:{},filter:{}},addAction:function(o,n,r,t){gform.addHook(\"action\",o,n,r,t)},addFilter:function(o,n,r,t){gform.addHook(\"filter\",o,n,r,t)},doAction:function(o){gform.doHook(\"action\",o,arguments)},applyFilters:function(o){return gform.doHook(\"filter\",o,arguments)},removeAction:function(o,n){gform.removeHook(\"action\",o,n)},removeFilter:function(o,n,r){gform.removeHook(\"filter\",o,n,r)},addHook:function(o,n,r,t,i){null==gform.hooks[o][n]&&(gform.hooks[o][n]=[]);var e=gform.hooks[o][n];null==i&&(i=n+\"_\"+e.length),gform.hooks[o][n].push({tag:i,callable:r,priority:t=null==t?10:t})},doHook:function(n,o,r){var t;if(r=Array.prototype.slice.call(r,1),null!=gform.hooks[n][o]&&((o=gform.hooks[n][o]).sort(function(o,n){return o.priority-n.priority}),o.forEach(function(o){\"function\"!=typeof(t=o.callable)&&(t=window[t]),\"action\"==n?t.apply(null,r):r[0]=t.apply(null,r)})),\"filter\"==n)return r[0]},removeHook:function(o,n,t,i){var r;null!=gform.hooks[o][n]&&(r=(r=gform.hooks[o][n]).filter(function(o,n,r){return!!(null!=i&&i!=o.tag||null!=t&&t!=o.priority)}),gform.hooks[o][n]=r)}});<\/script>\n                <div class='gf_browser_gecko gform_wrapper gravity-theme' id='gform_wrapper_6' ><form method='post' enctype='multipart\/form-data'  id='gform_6'  action='\/en\/wp-json\/wp\/v2\/pages\/169' novalidate data-trp-original-action=\"\/en\/wp-json\/wp\/v2\/pages\/169\">\n                        <div class='gform_body gform-body'><div id='gform_fields_6' class='gform_fields top_label form_sublabel_below description_below'><fieldset id=\"field_6_1\" class=\"gfield gfield_contains_required field_sublabel_hidden_label field_description_above gfield_visibility_visible\" ><legend class='gfield_label gfield_label_before_complex'  >Name<span class=\"gfield_required\"><span class=\"gfield_required gfield_required_custom\">Required<\/span><\/span><\/legend><div class='ginput_complex ginput_container no_prefix has_first_name no_middle_name no_last_name no_suffix gf_name_has_1 ginput_container_name' id='input_6_1'>\n                            \n                            <span id='input_6_1_3_container' class='name_first' >\n                                                    <input type='text' name='input_1.3' id='input_6_1_3' value=''   aria-required='true'     \/>\n                                                    <label for='input_6_1_3' class='hidden_sub_label screen-reader-text'>First<\/label>\n                                                <\/span>\n                            \n                            \n                            \n                        <\/div><\/fieldset><div id=\"field_6_2\" class=\"gfield gfield--width-full gfield_contains_required field_sublabel_below field_description_below gfield_visibility_visible\" ><label class='gfield_label' for='input_6_2' >Email<span class=\"gfield_required\"><span class=\"gfield_required gfield_required_custom\">Required<\/span><\/span><\/label><div class='ginput_container ginput_container_email'>\n                            <input name='input_2' id='input_6_2' type='email' value='' class='large'    aria-required=\"true\" aria-invalid=\"false\"  \/>\n                        <\/div><\/div><div id=\"field_6_3\" class=\"gfield gfield--width-full field_sublabel_below field_description_below gfield_visibility_visible\" ><label class='gfield_label' for='input_6_3' >Subject<\/label><div class='ginput_container ginput_container_text'><input name='input_3' id='input_6_3' type='text' value='' class='large'      aria-invalid=\"false\"   \/> <\/div><\/div><div id=\"field_6_5\" class=\"gfield gfield--width-full gfield_contains_required field_sublabel_below field_description_below gfield_visibility_visible\" ><label class='gfield_label' for='input_6_5' >Message<span class=\"gfield_required\"><span class=\"gfield_required gfield_required_custom\">Required<\/span><\/span><\/label><div class='ginput_container ginput_container_textarea'><textarea name='input_5' id='input_6_5' class='textarea large'     aria-required=\"true\" aria-invalid=\"false\"   rows='10' cols='50'><\/textarea><\/div><\/div><\/div><\/div>\n        <div class='gform_footer top_label'> <input type='submit' id='gform_submit_button_6' class='gform_button button' value='SEND'  onclick='if(window[\"gf_submitting_6\"]){return false;}  if( !jQuery(\"#gform_6\")[0].checkValidity || jQuery(\"#gform_6\")[0].checkValidity()){window[\"gf_submitting_6\"]=true;}  ' onkeypress='if( event.keyCode == 13 ){ if(window[\"gf_submitting_6\"]){return false;} if( !jQuery(\"#gform_6\")[0].checkValidity || jQuery(\"#gform_6\")[0].checkValidity()){window[\"gf_submitting_6\"]=true;}  jQuery(\"#gform_6\").trigger(\"submit\",[true]); }' \/> \n            <input type='hidden' class='gform_hidden' name='is_submit_6' value='1' \/>\n            <input type='hidden' class='gform_hidden' name='gform_submit' value='6' \/>\n            \n            <input type='hidden' class='gform_hidden' name='gform_unique_id' value='' \/>\n            <input type='hidden' class='gform_hidden' name='state_6' value='WyJbXSIsIjA5NDg4NTNjNmVkN2E4NzQwZDNhMjM3ZDc0OGFjZjhjIl0=' \/>\n            <input type='hidden' class='gform_hidden' name='gform_target_page_number_6' id='gform_target_page_number_6' value='0' \/>\n            <input type='hidden' class='gform_hidden' name='gform_source_page_number_6' id='gform_source_page_number_6' value='1' \/>\n            <input type='hidden' name='gform_field_values' value='' \/>\n            \n        <\/div>\n                        <input type=\"hidden\" name=\"trp-form-language\" value=\"en\"\/><\/form>\n                        <\/div><\/div><\/div><\/div><\/div><div class=\"vc_empty_space\" id=\"thb-empty-space-69ff2256c3428\"  style=\"height: 5vh\" ><span class=\"vc_empty_space_inner\"><\/span><\/div>\n<\/div><\/div><\/div><\/div>","protected":false},"excerpt":{"rendered":"CRAMER ADVOKATER &gt; MEDARBEIDERE Mar\u00eda Guill\u00e9n Administrasjonsassistent i Fuengirola Maria er fra M\u00e1laga og har universitetsstudier i \u00f8konomi. Hun startet \u00e5 jobbe for en gestor\u00eda og gikk deretter videre inn i eiendomsbransjen. Hun har jobbet med administrative oppgaver. Hun begynte som administrasjonsassistent hos Cramer Advokater i 2022. Maria snakker spansk, engelsk og fransk. Kontakt Mar\u00eda&hellip;","protected":false},"author":1,"featured_media":113,"parent":102,"menu_order":0,"comment_status":"closed","ping_status":"closed","template":"","meta":{"footnotes":""},"class_list":["post-169","page","type-page","status-publish","has-post-thumbnail","hentry"],"_links":{"self":[{"href":"https:\/\/cramerlaw.no\/en\/wp-json\/wp\/v2\/pages\/169","targetHints":{"allow":["GET"]}}],"collection":[{"href":"https:\/\/cramerlaw.no\/en\/wp-json\/wp\/v2\/pages"}],"about":[{"href":"https:\/\/cramerlaw.no\/en\/wp-json\/wp\/v2\/types\/page"}],"author":[{"embeddable":true,"href":"https:\/\/cramerlaw.no\/en\/wp-json\/wp\/v2\/users\/1"}],"replies":[{"embeddable":true,"href":"https:\/\/cramerlaw.no\/en\/wp-json\/wp\/v2\/comments?post=169"}],"version-history":[{"count":2,"href":"https:\/\/cramerlaw.no\/en\/wp-json\/wp\/v2\/pages\/169\/revisions"}],"predecessor-version":[{"id":180,"href":"https:\/\/cramerlaw.no\/en\/wp-json\/wp\/v2\/pages\/169\/revisions\/180"}],"up":[{"embeddable":true,"href":"https:\/\/cramerlaw.no\/en\/wp-json\/wp\/v2\/pages\/102"}],"wp:featuredmedia":[{"embeddable":true,"href":"https:\/\/cramerlaw.no\/en\/wp-json\/wp\/v2\/media\/113"}],"wp:attachment":[{"href":"https:\/\/cramerlaw.no\/en\/wp-json\/wp\/v2\/media?parent=169"}],"curies":[{"name":"wp","href":"https:\/\/api.w.org\/{rel}","templated":true}]}}